{"id":118,"date":"2024-12-15T22:38:09","date_gmt":"2024-12-15T22:38:09","guid":{"rendered":"https:\/\/sarkozidesign.hu\/?page_id=118"},"modified":"2024-12-31T18:21:48","modified_gmt":"2024-12-31T18:21:48","slug":"az-elet-soja","status":"publish","type":"page","link":"https:\/\/sarkozidesign.hu\/en\/az-elet-soja\/","title":{"rendered":"Salt of life"},"content":{"rendered":"<div data-elementor-type=\"wp-page\" data-elementor-id=\"118\" class=\"elementor elementor-118\">\n\t\t\t\t<div class=\"elementor-element elementor-element-a0ba13a e-con-full e-flex e-con e-parent\" data-id=\"a0ba13a\" data-element_type=\"container\">\n\t\t\t\t<div class=\"elementor-element elementor-element-321e7b6 elementor-widget__width-inherit elementor-widget elementor-widget-heading\" data-id=\"321e7b6\" data-element_type=\"widget\" data-widget_type=\"heading.default\">\n\t\t\t\t<div class=\"elementor-widget-container\">\n\t\t\t\t\t<h2 class=\"elementor-heading-title elementor-size-default\"><a href=\"https:\/\/sarkozidesign.hu\/en\/az-elet-soja\/\">Salt of life<\/a><\/h2>\t\t\t\t<\/div>\n\t\t\t\t<\/div>\n\t\t\t\t<\/div>\n\t\t<div class=\"elementor-element elementor-element-aca8d5f e-con-full e-flex e-con e-parent\" data-id=\"aca8d5f\" data-element_type=\"container\">\n\t\t\t\t<div class=\"elementor-element elementor-element-b9562b6 elementor-widget elementor-widget-image\" data-id=\"b9562b6\" data-element_type=\"widget\" data-widget_type=\"image.default\">\n\t\t\t\t<div class=\"elementor-widget-container\">\n\t\t\t\t\t\t\t\t\t\t\t\t\t\t\t<img fetchpriority=\"high\" decoding=\"async\" width=\"1000\" height=\"1000\" src=\"https:\/\/sarkozidesign.hu\/wp-content\/uploads\/2024\/12\/image_6483441-2.jpg\" class=\"attachment-large size-large wp-image-166\" alt=\"Kritikus \u00f6narck\u00e9p\" srcset=\"https:\/\/sarkozidesign.hu\/wp-content\/uploads\/2024\/12\/image_6483441-2.jpg 1000w, https:\/\/sarkozidesign.hu\/wp-content\/uploads\/2024\/12\/image_6483441-2-300x300.jpg 300w, https:\/\/sarkozidesign.hu\/wp-content\/uploads\/2024\/12\/image_6483441-2-150x150.jpg 150w, https:\/\/sarkozidesign.hu\/wp-content\/uploads\/2024\/12\/image_6483441-2-768x768.jpg 768w\" sizes=\"(max-width: 1000px) 100vw, 1000px\" \/>\t\t\t\t\t\t\t\t\t\t\t\t\t\t\t<\/div>\n\t\t\t\t<\/div>\n\t\t\t\t<\/div>\n\t\t<div class=\"elementor-element elementor-element-6f7aa30 e-con-full e-flex e-con e-parent\" data-id=\"6f7aa30\" data-element_type=\"container\">\n\t\t\t\t<div class=\"elementor-element elementor-element-dbf750c elementor-widget elementor-widget-image\" data-id=\"dbf750c\" data-element_type=\"widget\" data-widget_type=\"image.default\">\n\t\t\t\t<div class=\"elementor-widget-container\">\n\t\t\t\t\t\t\t\t\t\t\t\t\t\t\t<img alt=\"\" decoding=\"async\" width=\"1000\" height=\"1000\" src=\"https:\/\/sarkozidesign.hu\/wp-content\/uploads\/2024\/12\/flunssakausi.jpg\" class=\"attachment-large size-large wp-image-281\" srcset=\"https:\/\/sarkozidesign.hu\/wp-content\/uploads\/2024\/12\/flunssakausi.jpg 1000w, https:\/\/sarkozidesign.hu\/wp-content\/uploads\/2024\/12\/flunssakausi-300x300.jpg 300w, https:\/\/sarkozidesign.hu\/wp-content\/uploads\/2024\/12\/flunssakausi-150x150.jpg 150w, https:\/\/sarkozidesign.hu\/wp-content\/uploads\/2024\/12\/flunssakausi-768x768.jpg 768w\" sizes=\"(max-width: 1000px) 100vw, 1000px\" \/>\t\t\t\t\t\t\t\t\t\t\t\t\t\t\t<\/div>\n\t\t\t\t<\/div>\n\t\t\t\t<\/div>\n\t\t<div class=\"elementor-element elementor-element-824edd9 e-con-full e-flex e-con e-parent\" data-id=\"824edd9\" data-element_type=\"container\">\n\t\t\t\t<div class=\"elementor-element elementor-element-edfbfea elementor-widget elementor-widget-image\" data-id=\"edfbfea\" data-element_type=\"widget\" data-widget_type=\"image.default\">\n\t\t\t\t<div class=\"elementor-widget-container\">\n\t\t\t\t\t\t\t\t\t\t\t\t\t\t\t<img alt=\"\" decoding=\"async\" width=\"2244\" height=\"945\" src=\"https:\/\/sarkozidesign.hu\/wp-content\/uploads\/2024\/12\/logovalhangjegyekkel.jpg\" class=\"attachment-full size-full wp-image-282\" srcset=\"https:\/\/sarkozidesign.hu\/wp-content\/uploads\/2024\/12\/logovalhangjegyekkel.jpg 2244w, https:\/\/sarkozidesign.hu\/wp-content\/uploads\/2024\/12\/logovalhangjegyekkel-300x126.jpg 300w, https:\/\/sarkozidesign.hu\/wp-content\/uploads\/2024\/12\/logovalhangjegyekkel-1024x431.jpg 1024w, https:\/\/sarkozidesign.hu\/wp-content\/uploads\/2024\/12\/logovalhangjegyekkel-768x323.jpg 768w, https:\/\/sarkozidesign.hu\/wp-content\/uploads\/2024\/12\/logovalhangjegyekkel-1536x647.jpg 1536w, https:\/\/sarkozidesign.hu\/wp-content\/uploads\/2024\/12\/logovalhangjegyekkel-2048x862.jpg 2048w\" sizes=\"(max-width: 2244px) 100vw, 2244px\" \/>\t\t\t\t\t\t\t\t\t\t\t\t\t\t\t<\/div>\n\t\t\t\t<\/div>\n\t\t\t\t<\/div>\n\t\t<div class=\"elementor-element elementor-element-6f9f199 e-con-full e-flex e-con e-parent\" data-id=\"6f9f199\" data-element_type=\"container\">\n\t\t\t\t<div class=\"elementor-element elementor-element-bfd7658 elementor-widget elementor-widget-image\" data-id=\"bfd7658\" data-element_type=\"widget\" data-widget_type=\"image.default\">\n\t\t\t\t<div class=\"elementor-widget-container\">\n\t\t\t\t\t\t\t\t\t\t\t\t\t\t\t<img alt=\"\" loading=\"lazy\" decoding=\"async\" width=\"1000\" height=\"1000\" src=\"https:\/\/sarkozidesign.hu\/wp-content\/uploads\/2024\/12\/20221104154113824.jpg\" class=\"attachment-large size-large wp-image-284\" srcset=\"https:\/\/sarkozidesign.hu\/wp-content\/uploads\/2024\/12\/20221104154113824.jpg 1000w, https:\/\/sarkozidesign.hu\/wp-content\/uploads\/2024\/12\/20221104154113824-300x300.jpg 300w, https:\/\/sarkozidesign.hu\/wp-content\/uploads\/2024\/12\/20221104154113824-150x150.jpg 150w, https:\/\/sarkozidesign.hu\/wp-content\/uploads\/2024\/12\/20221104154113824-768x768.jpg 768w\" sizes=\"(max-width: 1000px) 100vw, 1000px\" \/>\t\t\t\t\t\t\t\t\t\t\t\t\t\t\t<\/div>\n\t\t\t\t<\/div>\n\t\t\t\t<\/div>\n\t\t<div class=\"elementor-element elementor-element-87e0cda e-con-full e-flex e-con e-parent\" data-id=\"87e0cda\" data-element_type=\"container\">\n\t\t\t\t<div class=\"elementor-element elementor-element-2315692 elementor-widget elementor-widget-image\" data-id=\"2315692\" data-element_type=\"widget\" data-widget_type=\"image.default\">\n\t\t\t\t<div class=\"elementor-widget-container\">\n\t\t\t\t\t\t\t\t\t\t\t\t\t\t\t<img alt=\"\" loading=\"lazy\" decoding=\"async\" width=\"709\" height=\"1024\" src=\"https:\/\/sarkozidesign.hu\/wp-content\/uploads\/2024\/12\/apacakeszfinal-709x1024.jpg\" class=\"attachment-large size-large wp-image-285\" srcset=\"https:\/\/sarkozidesign.hu\/wp-content\/uploads\/2024\/12\/apacakeszfinal-709x1024.jpg 709w, https:\/\/sarkozidesign.hu\/wp-content\/uploads\/2024\/12\/apacakeszfinal-208x300.jpg 208w, https:\/\/sarkozidesign.hu\/wp-content\/uploads\/2024\/12\/apacakeszfinal-768x1110.jpg 768w, https:\/\/sarkozidesign.hu\/wp-content\/uploads\/2024\/12\/apacakeszfinal.jpg 1000w\" sizes=\"(max-width: 709px) 100vw, 709px\" \/>\t\t\t\t\t\t\t\t\t\t\t\t\t\t\t<\/div>\n\t\t\t\t<\/div>\n\t\t\t\t<\/div>\n\t\t<div class=\"elementor-element elementor-element-36b0918 e-con-full e-flex e-con e-parent\" data-id=\"36b0918\" data-element_type=\"container\">\n\t\t\t\t<div class=\"elementor-element elementor-element-91076d8 elementor-widget elementor-widget-image\" data-id=\"91076d8\" data-element_type=\"widget\" data-widget_type=\"image.default\">\n\t\t\t\t<div class=\"elementor-widget-container\">\n\t\t\t\t\t\t\t\t\t\t\t\t\t\t\t<img alt=\"\" loading=\"lazy\" decoding=\"async\" width=\"768\" height=\"768\" src=\"https:\/\/sarkozidesign.hu\/wp-content\/uploads\/2024\/12\/Karacsonyi_hangulat-768x768.jpg\" class=\"attachment-medium_large size-medium_large wp-image-320\" srcset=\"https:\/\/sarkozidesign.hu\/wp-content\/uploads\/2024\/12\/Karacsonyi_hangulat-768x768.jpg 768w, https:\/\/sarkozidesign.hu\/wp-content\/uploads\/2024\/12\/Karacsonyi_hangulat-300x300.jpg 300w, https:\/\/sarkozidesign.hu\/wp-content\/uploads\/2024\/12\/Karacsonyi_hangulat-150x150.jpg 150w, https:\/\/sarkozidesign.hu\/wp-content\/uploads\/2024\/12\/Karacsonyi_hangulat.jpg 1000w\" sizes=\"(max-width: 768px) 100vw, 768px\" \/>\t\t\t\t\t\t\t\t\t\t\t\t\t\t\t<\/div>\n\t\t\t\t<\/div>\n\t\t\t\t<\/div>\n\t\t<div class=\"elementor-element elementor-element-15100f0 e-con-full e-flex e-con e-parent\" data-id=\"15100f0\" data-element_type=\"container\">\n\t\t\t\t<div class=\"elementor-element elementor-element-cd95caf elementor-widget elementor-widget-image\" data-id=\"cd95caf\" data-element_type=\"widget\" data-widget_type=\"image.default\">\n\t\t\t\t<div class=\"elementor-widget-container\">\n\t\t\t\t\t\t\t\t\t\t\t\t\t\t\t<img alt=\"\" loading=\"lazy\" decoding=\"async\" width=\"768\" height=\"768\" src=\"https:\/\/sarkozidesign.hu\/wp-content\/uploads\/2024\/12\/TINTA-1-768x768.jpg\" class=\"attachment-medium_large size-medium_large wp-image-501\" srcset=\"https:\/\/sarkozidesign.hu\/wp-content\/uploads\/2024\/12\/TINTA-1-768x768.jpg 768w, https:\/\/sarkozidesign.hu\/wp-content\/uploads\/2024\/12\/TINTA-1-300x300.jpg 300w, https:\/\/sarkozidesign.hu\/wp-content\/uploads\/2024\/12\/TINTA-1-150x150.jpg 150w, https:\/\/sarkozidesign.hu\/wp-content\/uploads\/2024\/12\/TINTA-1.jpg 1000w\" sizes=\"(max-width: 768px) 100vw, 768px\" \/>\t\t\t\t\t\t\t\t\t\t\t\t\t\t\t<\/div>\n\t\t\t\t<\/div>\n\t\t\t\t<\/div>\n\t\t\t\t<\/div>","protected":false},"excerpt":{"rendered":"<p>Salt of life<\/p>","protected":false},"author":1,"featured_media":166,"parent":0,"menu_order":0,"comment_status":"closed","ping_status":"closed","template":"","meta":{"_seopress_robots_primary_cat":"","_seopress_titles_title":"Az \u00e9let s\u00f3ja","_seopress_titles_desc":"Illusztr\u00e1ci\u00f3k, hogy tudjunk nevetni a mindennapi neh\u00e9zs\u00e9geken \u00e9s \u00f6nmagunkon.","_seopress_robots_index":"","_kadence_starter_templates_imported_post":false,"_kad_post_transparent":"","_kad_post_title":"hide","_kad_post_layout":"fullwidth","_kad_post_sidebar_id":"","_kad_post_content_style":"unboxed","_kad_post_vertical_padding":"hide","_kad_post_feature":"hide","_kad_post_feature_position":"","_kad_post_header":false,"_kad_post_footer":false,"footnotes":""},"class_list":["post-118","page","type-page","status-publish","has-post-thumbnail","hentry"],"_links":{"self":[{"href":"https:\/\/sarkozidesign.hu\/en\/wp-json\/wp\/v2\/pages\/118","targetHints":{"allow":["GET"]}}],"collection":[{"href":"https:\/\/sarkozidesign.hu\/en\/wp-json\/wp\/v2\/pages"}],"about":[{"href":"https:\/\/sarkozidesign.hu\/en\/wp-json\/wp\/v2\/types\/page"}],"author":[{"embeddable":true,"href":"https:\/\/sarkozidesign.hu\/en\/wp-json\/wp\/v2\/users\/1"}],"replies":[{"embeddable":true,"href":"https:\/\/sarkozidesign.hu\/en\/wp-json\/wp\/v2\/comments?post=118"}],"version-history":[{"count":0,"href":"https:\/\/sarkozidesign.hu\/en\/wp-json\/wp\/v2\/pages\/118\/revisions"}],"wp:featuredmedia":[{"embeddable":true,"href":"https:\/\/sarkozidesign.hu\/en\/wp-json\/wp\/v2\/media\/166"}],"wp:attachment":[{"href":"https:\/\/sarkozidesign.hu\/en\/wp-json\/wp\/v2\/media?parent=118"}],"curies":[{"name":"wp","href":"https:\/\/api.w.org\/{rel}","templated":true}]}}