{"id":21,"date":"2024-12-12T09:19:31","date_gmt":"2024-12-12T09:19:31","guid":{"rendered":"https:\/\/sarkozidesign.hu\/?page_id=21"},"modified":"2025-01-06T20:35:05","modified_gmt":"2025-01-06T20:35:05","slug":"munkaim","status":"publish","type":"page","link":"https:\/\/sarkozidesign.hu\/en\/","title":{"rendered":"Works"},"content":{"rendered":"<div data-elementor-type=\"wp-post\" data-elementor-id=\"21\" class=\"elementor elementor-21\">\n\t\t\t\t<div class=\"elementor-element elementor-element-d81b463 e-con-full e-flex e-con e-parent\" data-id=\"d81b463\" data-element_type=\"container\">\n\t\t\t\t<div class=\"elementor-element elementor-element-b4f471f elementor-widget__width-inherit elementor-widget elementor-widget-heading\" data-id=\"b4f471f\" data-element_type=\"widget\" data-widget_type=\"heading.default\">\n\t\t\t\t<div class=\"elementor-widget-container\">\n\t\t\t\t\t<h2 class=\"elementor-heading-title elementor-size-default\">Illustration &amp; design<\/h2>\t\t\t\t<\/div>\n\t\t\t\t<\/div>\n\t\t\t\t<\/div>\n\t\t<div class=\"elementor-element elementor-element-9ae25bc e-con-full e-flex e-con e-parent\" data-id=\"9ae25bc\" data-element_type=\"container\" data-settings=\"{&quot;background_background&quot;:&quot;classic&quot;}\">\n\t\t\t\t<div class=\"elementor-element elementor-element-6874a29 elementor-widget elementor-widget-text-editor\" data-id=\"6874a29\" data-element_type=\"widget\" data-widget_type=\"text-editor.default\">\n\t\t\t\t<div class=\"elementor-widget-container\">\n\t\t\t\t\t\t\t\t\t<p>Warmly welcome!&nbsp;<\/p><p>Enjoy my works!<\/p>\t\t\t\t\t\t\t\t<\/div>\n\t\t\t\t<\/div>\n\t\t\t\t<\/div>\n\t\t<div class=\"elementor-element elementor-element-85a74f7 e-con-full e-flex e-con e-parent\" data-id=\"85a74f7\" data-element_type=\"container\">\n\t\t<div class=\"elementor-element elementor-element-d600241 e-con-full e-flex e-con e-child\" data-id=\"d600241\" data-element_type=\"container\">\n\t\t\t\t<div class=\"elementor-element elementor-element-a9e52d7 elementor-widget__width-inherit elementor-widget elementor-widget-heading\" data-id=\"a9e52d7\" data-element_type=\"widget\" data-widget_type=\"heading.default\">\n\t\t\t\t<div class=\"elementor-widget-container\">\n\t\t\t\t\t<h2 class=\"elementor-heading-title elementor-size-default\"><a href=\"https:\/\/sarkozidesign.hu\/en\/az-elet-soja\/\">Salt of life<\/a><\/h2>\t\t\t\t<\/div>\n\t\t\t\t<\/div>\n\t\t\t\t<div class=\"elementor-element elementor-element-83adf71 elementor-widget elementor-widget-text-editor\" data-id=\"83adf71\" data-element_type=\"widget\" data-widget_type=\"text-editor.default\">\n\t\t\t\t<div class=\"elementor-widget-container\">\n\t\t\t\t\t\t\t\t\t<p>Ink illustrations, sometimes with digital extras, with the idea of making us laugh at everyday life and ourselves.&nbsp;<\/p>\t\t\t\t\t\t\t\t<\/div>\n\t\t\t\t<\/div>\n\t\t\t\t<\/div>\n\t\t<div class=\"elementor-element elementor-element-0764702 e-con-full e-flex e-con e-child\" data-id=\"0764702\" data-element_type=\"container\">\n\t\t\t\t<div class=\"elementor-element elementor-element-f0a8c6c elementor-widget__width-inherit elementor-widget elementor-widget-image\" data-id=\"f0a8c6c\" data-element_type=\"widget\" data-widget_type=\"image.default\">\n\t\t\t\t<div class=\"elementor-widget-container\">\n\t\t\t\t\t\t\t\t\t\t\t\t\t\t\t\t<a href=\"https:\/\/sarkozidesign.hu\/en\/az-elet-soja\/\">\n\t\t\t\t\t\t\t<img fetchpriority=\"high\" decoding=\"async\" width=\"1000\" height=\"1000\" src=\"https:\/\/sarkozidesign.hu\/wp-content\/uploads\/2024\/12\/image_6483441-2.jpg\" class=\"attachment-large size-large wp-image-166\" alt=\"Kritikus \u00f6narck\u00e9p\" srcset=\"https:\/\/sarkozidesign.hu\/wp-content\/uploads\/2024\/12\/image_6483441-2.jpg 1000w, https:\/\/sarkozidesign.hu\/wp-content\/uploads\/2024\/12\/image_6483441-2-300x300.jpg 300w, https:\/\/sarkozidesign.hu\/wp-content\/uploads\/2024\/12\/image_6483441-2-150x150.jpg 150w, https:\/\/sarkozidesign.hu\/wp-content\/uploads\/2024\/12\/image_6483441-2-768x768.jpg 768w\" sizes=\"(max-width: 1000px) 100vw, 1000px\" \/>\t\t\t\t\t\t\t\t<\/a>\n\t\t\t\t\t\t\t\t\t\t\t\t\t\t\t<\/div>\n\t\t\t\t<\/div>\n\t\t\t\t<\/div>\n\t\t\t\t<\/div>\n\t\t<div class=\"elementor-element elementor-element-70b20b9 e-con-full e-flex e-con e-parent\" data-id=\"70b20b9\" data-element_type=\"container\">\n\t\t<div class=\"elementor-element elementor-element-99ffd2a e-con-full e-flex e-con e-child\" data-id=\"99ffd2a\" data-element_type=\"container\">\n\t\t\t\t<div class=\"elementor-element elementor-element-f4a16f5 elementor-widget__width-inherit elementor-widget elementor-widget-heading\" data-id=\"f4a16f5\" data-element_type=\"widget\" data-widget_type=\"heading.default\">\n\t\t\t\t<div class=\"elementor-widget-container\">\n\t\t\t\t\t<h2 class=\"elementor-heading-title elementor-size-default\"><a href=\"https:\/\/sarkozidesign.hu\/en\/konyv-es-meseillusztracio\/\">Books and tales<\/a><\/h2>\t\t\t\t<\/div>\n\t\t\t\t<\/div>\n\t\t\t\t<div class=\"elementor-element elementor-element-e2e7283 elementor-widget elementor-widget-text-editor\" data-id=\"e2e7283\" data-element_type=\"widget\" data-widget_type=\"text-editor.default\">\n\t\t\t\t<div class=\"elementor-widget-container\">\n\t\t\t\t\t\t\t\t\t<p>Illustrations for all ages to discover the hidden layers of literature.<\/p>\n<p>A good illustration is not only decorative, but also gives new meaning to the illustrated content while conveying emotions and mood.<\/p>\t\t\t\t\t\t\t\t<\/div>\n\t\t\t\t<\/div>\n\t\t\t\t<\/div>\n\t\t<div class=\"elementor-element elementor-element-81049c4 e-con-full e-flex e-con e-child\" data-id=\"81049c4\" data-element_type=\"container\">\n\t\t\t\t<div class=\"elementor-element elementor-element-4044882 elementor-widget elementor-widget-image\" data-id=\"4044882\" data-element_type=\"widget\" data-widget_type=\"image.default\">\n\t\t\t\t<div class=\"elementor-widget-container\">\n\t\t\t\t\t\t\t\t\t\t\t\t\t\t\t\t<a href=\"https:\/\/sarkozidesign.hu\/en\/konyv-es-meseillusztracio\/\">\n\t\t\t\t\t\t\t<img alt=\"\" decoding=\"async\" width=\"1000\" height=\"1000\" src=\"https:\/\/sarkozidesign.hu\/wp-content\/uploads\/2024\/12\/diotoro.jpg\" class=\"attachment-full size-full wp-image-394\" srcset=\"https:\/\/sarkozidesign.hu\/wp-content\/uploads\/2024\/12\/diotoro.jpg 1000w, https:\/\/sarkozidesign.hu\/wp-content\/uploads\/2024\/12\/diotoro-300x300.jpg 300w, https:\/\/sarkozidesign.hu\/wp-content\/uploads\/2024\/12\/diotoro-150x150.jpg 150w, https:\/\/sarkozidesign.hu\/wp-content\/uploads\/2024\/12\/diotoro-768x768.jpg 768w\" sizes=\"(max-width: 1000px) 100vw, 1000px\" \/>\t\t\t\t\t\t\t\t<\/a>\n\t\t\t\t\t\t\t\t\t\t\t\t\t\t\t<\/div>\n\t\t\t\t<\/div>\n\t\t\t\t<\/div>\n\t\t\t\t<\/div>\n\t\t<div class=\"elementor-element elementor-element-102a34b e-con-full e-flex e-con e-parent\" data-id=\"102a34b\" data-element_type=\"container\">\n\t\t<div class=\"elementor-element elementor-element-0bd3109 e-con-full e-flex e-con e-child\" data-id=\"0bd3109\" data-element_type=\"container\">\n\t\t\t\t<div class=\"elementor-element elementor-element-9731a63 elementor-widget__width-inherit elementor-widget elementor-widget-heading\" data-id=\"9731a63\" data-element_type=\"widget\" data-widget_type=\"heading.default\">\n\t\t\t\t<div class=\"elementor-widget-container\">\n\t\t\t\t\t<h2 class=\"elementor-heading-title elementor-size-default\"><a href=\"https:\/\/sarkozidesign.hu\/en\/karakterek\/\">Characters<\/a><\/h2>\t\t\t\t<\/div>\n\t\t\t\t<\/div>\n\t\t\t\t<div class=\"elementor-element elementor-element-f33740e elementor-widget elementor-widget-text-editor\" data-id=\"f33740e\" data-element_type=\"widget\" data-widget_type=\"text-editor.default\">\n\t\t\t\t<div class=\"elementor-widget-container\">\n\t\t\t\t\t\t\t\t\t<p>Exciting characters using traditional and modern techniques. Each character has a personality and own story.&nbsp;<\/p>\t\t\t\t\t\t\t\t<\/div>\n\t\t\t\t<\/div>\n\t\t\t\t<\/div>\n\t\t<div class=\"elementor-element elementor-element-9aafeb4 e-con-full e-flex e-con e-child\" data-id=\"9aafeb4\" data-element_type=\"container\">\n\t\t\t\t<div class=\"elementor-element elementor-element-117f9e1 elementor-widget elementor-widget-image\" data-id=\"117f9e1\" data-element_type=\"widget\" data-widget_type=\"image.default\">\n\t\t\t\t<div class=\"elementor-widget-container\">\n\t\t\t\t\t\t\t\t\t\t\t\t\t\t\t\t<a href=\"https:\/\/sarkozidesign.hu\/en\/karakterek\/\">\n\t\t\t\t\t\t\t<img alt=\"\" decoding=\"async\" width=\"1008\" height=\"1008\" src=\"https:\/\/sarkozidesign.hu\/wp-content\/uploads\/2024\/12\/Labdacsavo.gif\" class=\"attachment-full size-full wp-image-571\" \/>\t\t\t\t\t\t\t\t<\/a>\n\t\t\t\t\t\t\t\t\t\t\t\t\t\t\t<\/div>\n\t\t\t\t<\/div>\n\t\t\t\t<\/div>\n\t\t\t\t<\/div>\n\t\t<div class=\"elementor-element elementor-element-5cb6d39 e-con-full e-flex e-con e-parent\" data-id=\"5cb6d39\" data-element_type=\"container\">\n\t\t<div class=\"elementor-element elementor-element-c4dc87e e-con-full e-flex e-con e-child\" data-id=\"c4dc87e\" data-element_type=\"container\">\n\t\t\t\t<div class=\"elementor-element elementor-element-6d41482 elementor-widget__width-inherit elementor-widget elementor-widget-heading\" data-id=\"6d41482\" data-element_type=\"widget\" data-widget_type=\"heading.default\">\n\t\t\t\t<div class=\"elementor-widget-container\">\n\t\t\t\t\t<h2 class=\"elementor-heading-title elementor-size-default\"><a href=\"https:\/\/sarkozidesign.hu\/en\/termeszet\/\">Nature<\/a><\/h2>\t\t\t\t<\/div>\n\t\t\t\t<\/div>\n\t\t\t\t<div class=\"elementor-element elementor-element-b354e1a elementor-widget elementor-widget-text-editor\" data-id=\"b354e1a\" data-element_type=\"widget\" data-widget_type=\"text-editor.default\">\n\t\t\t\t<div class=\"elementor-widget-container\">\n\t\t\t\t\t\t\t\t\t<p>Natural and built environment: <br \/>inexhaustible themes, forms and colours.\u00a0<\/p>\t\t\t\t\t\t\t\t<\/div>\n\t\t\t\t<\/div>\n\t\t\t\t<\/div>\n\t\t<div class=\"elementor-element elementor-element-39f7df9 e-con-full e-flex e-con e-child\" data-id=\"39f7df9\" data-element_type=\"container\">\n\t\t\t\t<div class=\"elementor-element elementor-element-afa0bc5 elementor-widget elementor-widget-image\" data-id=\"afa0bc5\" data-element_type=\"widget\" data-widget_type=\"image.default\">\n\t\t\t\t<div class=\"elementor-widget-container\">\n\t\t\t\t\t\t\t\t\t\t\t\t\t\t\t\t<a href=\"https:\/\/sarkozidesign.hu\/en\/termeszet\/\">\n\t\t\t\t\t\t\t<img alt=\"\" loading=\"lazy\" decoding=\"async\" width=\"768\" height=\"768\" src=\"https:\/\/sarkozidesign.hu\/wp-content\/uploads\/2024\/12\/Kovacs-Sarkozi_Helga_2122_Gyujtestermeszet1-768x768.jpg\" class=\"attachment-medium_large size-medium_large wp-image-451\" srcset=\"https:\/\/sarkozidesign.hu\/wp-content\/uploads\/2024\/12\/Kovacs-Sarkozi_Helga_2122_Gyujtestermeszet1-768x768.jpg 768w, https:\/\/sarkozidesign.hu\/wp-content\/uploads\/2024\/12\/Kovacs-Sarkozi_Helga_2122_Gyujtestermeszet1-300x300.jpg 300w, https:\/\/sarkozidesign.hu\/wp-content\/uploads\/2024\/12\/Kovacs-Sarkozi_Helga_2122_Gyujtestermeszet1-1024x1024.jpg 1024w, https:\/\/sarkozidesign.hu\/wp-content\/uploads\/2024\/12\/Kovacs-Sarkozi_Helga_2122_Gyujtestermeszet1-150x150.jpg 150w, https:\/\/sarkozidesign.hu\/wp-content\/uploads\/2024\/12\/Kovacs-Sarkozi_Helga_2122_Gyujtestermeszet1-1536x1536.jpg 1536w, https:\/\/sarkozidesign.hu\/wp-content\/uploads\/2024\/12\/Kovacs-Sarkozi_Helga_2122_Gyujtestermeszet1.jpg 2000w\" sizes=\"(max-width: 768px) 100vw, 768px\" \/>\t\t\t\t\t\t\t\t<\/a>\n\t\t\t\t\t\t\t\t\t\t\t\t\t\t\t<\/div>\n\t\t\t\t<\/div>\n\t\t\t\t<\/div>\n\t\t\t\t<\/div>\n\t\t<div class=\"elementor-element elementor-element-ec60bad e-con-full e-flex e-con e-parent\" data-id=\"ec60bad\" data-element_type=\"container\">\n\t\t<div class=\"elementor-element elementor-element-81605fc e-con-full e-flex e-con e-child\" data-id=\"81605fc\" data-element_type=\"container\">\n\t\t\t\t<div class=\"elementor-element elementor-element-47cae39 elementor-widget__width-inherit elementor-widget elementor-widget-heading\" data-id=\"47cae39\" data-element_type=\"widget\" data-widget_type=\"heading.default\">\n\t\t\t\t<div class=\"elementor-widget-container\">\n\t\t\t\t\t<h2 class=\"elementor-heading-title elementor-size-default\"><a href=\"https:\/\/sarkozidesign.hu\/en\/plakatok-meghivok-miegymas\/\">Posters, invitations, etc.<\/a><\/h2>\t\t\t\t<\/div>\n\t\t\t\t<\/div>\n\t\t\t\t<div class=\"elementor-element elementor-element-7c3a49c elementor-widget elementor-widget-text-editor\" data-id=\"7c3a49c\" data-element_type=\"widget\" data-widget_type=\"text-editor.default\">\n\t\t\t\t<div class=\"elementor-widget-container\">\n\t\t\t\t\t\t\t\t\t<p>Important events, conferences, lectures <br \/>online and offline materials for the success of the programmes.\u00a0<\/p>\t\t\t\t\t\t\t\t<\/div>\n\t\t\t\t<\/div>\n\t\t\t\t<\/div>\n\t\t<div class=\"elementor-element elementor-element-21d9f7e e-con-full e-flex e-con e-child\" data-id=\"21d9f7e\" data-element_type=\"container\">\n\t\t\t\t<div class=\"elementor-element elementor-element-d198999 elementor-widget elementor-widget-image\" data-id=\"d198999\" data-element_type=\"widget\" data-widget_type=\"image.default\">\n\t\t\t\t<div class=\"elementor-widget-container\">\n\t\t\t\t\t\t\t\t\t\t\t\t\t\t\t\t<a href=\"https:\/\/sarkozidesign.hu\/en\/plakatok-meghivok-miegymas\/\">\n\t\t\t\t\t\t\t<img loading=\"lazy\" decoding=\"async\" width=\"768\" height=\"768\" src=\"https:\/\/sarkozidesign.hu\/wp-content\/uploads\/2024\/12\/plakatinstafeed-768x768.jpg\" class=\"attachment-medium_large size-medium_large wp-image-458\" alt=\"Ki\u00e1ll\u00edt\u00e1s plak\u00e1t\" srcset=\"https:\/\/sarkozidesign.hu\/wp-content\/uploads\/2024\/12\/plakatinstafeed-768x768.jpg 768w, https:\/\/sarkozidesign.hu\/wp-content\/uploads\/2024\/12\/plakatinstafeed-300x300.jpg 300w, https:\/\/sarkozidesign.hu\/wp-content\/uploads\/2024\/12\/plakatinstafeed-1024x1024.jpg 1024w, https:\/\/sarkozidesign.hu\/wp-content\/uploads\/2024\/12\/plakatinstafeed-150x150.jpg 150w, https:\/\/sarkozidesign.hu\/wp-content\/uploads\/2024\/12\/plakatinstafeed-1536x1536.jpg 1536w, https:\/\/sarkozidesign.hu\/wp-content\/uploads\/2024\/12\/plakatinstafeed-2048x2048.jpg 2048w\" sizes=\"(max-width: 768px) 100vw, 768px\" \/>\t\t\t\t\t\t\t\t<\/a>\n\t\t\t\t\t\t\t\t\t\t\t\t\t\t\t<\/div>\n\t\t\t\t<\/div>\n\t\t\t\t<\/div>\n\t\t\t\t<\/div>\n\t\t<div class=\"elementor-element elementor-element-37fc3bc e-con-full e-flex e-con e-parent\" data-id=\"37fc3bc\" data-element_type=\"container\">\n\t\t<div class=\"elementor-element elementor-element-999c6a8 e-con-full e-flex e-con e-child\" data-id=\"999c6a8\" data-element_type=\"container\">\n\t\t\t\t<div class=\"elementor-element elementor-element-4686e9f elementor-widget__width-inherit elementor-widget elementor-widget-heading\" data-id=\"4686e9f\" data-element_type=\"widget\" data-widget_type=\"heading.default\">\n\t\t\t\t<div class=\"elementor-widget-container\">\n\t\t\t\t\t<h2 class=\"elementor-heading-title elementor-size-default\"><a href=\"https:\/\/sarkozidesign.hu\/en\/design\/\">Design<\/a><\/h2>\t\t\t\t<\/div>\n\t\t\t\t<\/div>\n\t\t\t\t<div class=\"elementor-element elementor-element-2293164 elementor-widget elementor-widget-text-editor\" data-id=\"2293164\" data-element_type=\"widget\" data-widget_type=\"text-editor.default\">\n\t\t\t\t<div class=\"elementor-widget-container\">\n\t\t\t\t\t\t\t\t\t<p>Egy designterm\u00e9k akkor igaz\u00e1n sz\u00e9p \u00e9s id\u0151t\u00e1ll\u00f3, ha megjelen\u00e9s\u00e9nek minden eleme igazolhat\u00f3. Ez a fizikai \u00e9s virtu\u00e1lis vil\u00e1gban egyar\u00e1nt igaz.<\/p>\t\t\t\t\t\t\t\t<\/div>\n\t\t\t\t<\/div>\n\t\t\t\t<\/div>\n\t\t<div class=\"elementor-element elementor-element-109f83d e-con-full e-flex e-con e-child\" data-id=\"109f83d\" data-element_type=\"container\">\n\t\t\t\t<div class=\"elementor-element elementor-element-f4ca56f elementor-widget-tablet__width-inherit elementor-widget__width-inherit elementor-widget elementor-widget-image\" data-id=\"f4ca56f\" data-element_type=\"widget\" data-widget_type=\"image.default\">\n\t\t\t\t<div class=\"elementor-widget-container\">\n\t\t\t\t\t\t\t\t\t\t\t\t\t\t\t\t<a href=\"https:\/\/sarkozidesign.hu\/en\/design\/\">\n\t\t\t\t\t\t\t<img loading=\"lazy\" decoding=\"async\" width=\"800\" height=\"540\" src=\"https:\/\/sarkozidesign.hu\/wp-content\/uploads\/2024\/12\/kovacs_sarkozi_helga_0_20190904-214922.jpg\" class=\"attachment-full size-full wp-image-246\" alt=\"K\u00e1v\u00e9scs\u00e9sze p\u00e1r\" srcset=\"https:\/\/sarkozidesign.hu\/wp-content\/uploads\/2024\/12\/kovacs_sarkozi_helga_0_20190904-214922.jpg 800w, https:\/\/sarkozidesign.hu\/wp-content\/uploads\/2024\/12\/kovacs_sarkozi_helga_0_20190904-214922-300x203.jpg 300w, https:\/\/sarkozidesign.hu\/wp-content\/uploads\/2024\/12\/kovacs_sarkozi_helga_0_20190904-214922-768x518.jpg 768w\" sizes=\"(max-width: 800px) 100vw, 800px\" \/>\t\t\t\t\t\t\t\t<\/a>\n\t\t\t\t\t\t\t\t\t\t\t\t\t\t\t<\/div>\n\t\t\t\t<\/div>\n\t\t\t\t<\/div>\n\t\t\t\t<\/div>\n\t\t<div class=\"elementor-element elementor-element-3d29e67 e-flex e-con-boxed e-con e-parent\" data-id=\"3d29e67\" data-element_type=\"container\">\n\t\t\t\t\t<div class=\"e-con-inner\">\n\t\t\t\t\t<\/div>\n\t\t\t\t<\/div>\n\t\t\t\t<\/div>","protected":false},"excerpt":{"rendered":"<p>Illusztr\u00e1ci\u00f3 &amp; design \u00dcdv\u00f6z\u00f6llek a honlapomon!&nbsp; Kellemes id\u0151t\u00f6lt\u00e9st a munk\u00e1im k\u00f6zt! Az \u00e9let s\u00f3ja T\u0171filc \u00e9s tus illusztr\u00e1ci\u00f3k id\u0151nk\u00e9nt egy kis digit\u00e1lis extr\u00e1val, melyek alapmot\u00edvuma, hogy tudjunk nevetni a mindennapokon \u00e9s saj\u00e1t magunkon.&nbsp; K\u00f6nyv- \u00e9s meseillusztr\u00e1ci\u00f3k Illusztr\u00e1ci\u00f3k minden koroszt\u00e1ly sz\u00e1m\u00e1ra az irodalmi alkot\u00e1sok rejtett r\u00e9tegeinek felfedez\u00e9s\u00e9hez. A j\u00f3 illusztr\u00e1ci\u00f3 nemcsak dekorat\u00edv, de \u00faj \u00e9rtelmet is&#8230;<\/p>","protected":false},"author":1,"featured_media":76,"parent":0,"menu_order":0,"comment_status":"closed","ping_status":"closed","template":"","meta":{"_seopress_robots_primary_cat":"","_seopress_titles_title":"Illusztr\u00e1ci\u00f3 \u00e9s design","_seopress_titles_desc":"Kov\u00e1cs-S\u00e1rk\u00f6zi Helga illusztr\u00e1tor, formatervez\u0151, kultur\u00e1lis menedzser","_seopress_robots_index":"","_kadence_starter_templates_imported_post":false,"_kad_post_transparent":"","_kad_post_title":"hide","_kad_post_layout":"fullwidth","_kad_post_sidebar_id":"","_kad_post_content_style":"unboxed","_kad_post_vertical_padding":"hide","_kad_post_feature":"hide","_kad_post_feature_position":"","_kad_post_header":false,"_kad_post_footer":false,"footnotes":""},"class_list":["post-21","page","type-page","status-publish","has-post-thumbnail","hentry"],"_links":{"self":[{"href":"https:\/\/sarkozidesign.hu\/en\/wp-json\/wp\/v2\/pages\/21","targetHints":{"allow":["GET"]}}],"collection":[{"href":"https:\/\/sarkozidesign.hu\/en\/wp-json\/wp\/v2\/pages"}],"about":[{"href":"https:\/\/sarkozidesign.hu\/en\/wp-json\/wp\/v2\/types\/page"}],"author":[{"embeddable":true,"href":"https:\/\/sarkozidesign.hu\/en\/wp-json\/wp\/v2\/users\/1"}],"replies":[{"embeddable":true,"href":"https:\/\/sarkozidesign.hu\/en\/wp-json\/wp\/v2\/comments?post=21"}],"version-history":[{"count":0,"href":"https:\/\/sarkozidesign.hu\/en\/wp-json\/wp\/v2\/pages\/21\/revisions"}],"wp:featuredmedia":[{"embeddable":true,"href":"https:\/\/sarkozidesign.hu\/en\/wp-json\/wp\/v2\/media\/76"}],"wp:attachment":[{"href":"https:\/\/sarkozidesign.hu\/en\/wp-json\/wp\/v2\/media?parent=21"}],"curies":[{"name":"wp","href":"https:\/\/api.w.org\/{rel}","templated":true}]}}