{"id":224,"date":"2024-12-16T13:06:31","date_gmt":"2024-12-16T13:06:31","guid":{"rendered":"https:\/\/sarkozidesign.hu\/?page_id=224"},"modified":"2025-01-24T10:24:05","modified_gmt":"2025-01-24T10:24:05","slug":"design","status":"publish","type":"page","link":"https:\/\/sarkozidesign.hu\/en\/design\/","title":{"rendered":"Design"},"content":{"rendered":"<div data-elementor-type=\"wp-page\" data-elementor-id=\"224\" class=\"elementor elementor-224\">\n\t\t\t\t<div class=\"elementor-element elementor-element-4b0fdf6 e-con-full e-flex e-con e-parent\" data-id=\"4b0fdf6\" data-element_type=\"container\">\n\t\t\t\t<div class=\"elementor-element elementor-element-c2a6ed3 elementor-widget__width-inherit elementor-widget elementor-widget-heading\" data-id=\"c2a6ed3\" data-element_type=\"widget\" data-widget_type=\"heading.default\">\n\t\t\t\t<div class=\"elementor-widget-container\">\n\t\t\t\t\t<h2 class=\"elementor-heading-title elementor-size-default\">Bubby-doo<\/h2>\t\t\t\t<\/div>\n\t\t\t\t<\/div>\n\t\t\t\t<div class=\"elementor-element elementor-element-1d816ea elementor-widget elementor-widget-text-editor\" data-id=\"1d816ea\" data-element_type=\"widget\" data-widget_type=\"text-editor.default\">\n\t\t\t\t<div class=\"elementor-widget-container\">\n\t\t\t\t\t\t\t\t\t<p>Bubby-doo is a lovely brush-friend, who always accompany its owner to the playground. It tolerates all the hardships, it doesn\u2019t care if it\u2019s\ndragged by its string or dropped into the sand. It teaches kids from toddler until grade schooler how to take care of their belongings. Using the Bubby-doo has dual purpose: effectively reduce the amount of sand taken into the house, and at the same time kids gain a sense of achievement by the process of the cleaning.\u00a0<\/p><p>Bubby-doo was exhibited in the Exhibition of the Hungarian Design Council in 2018.\u00a0<\/p>\t\t\t\t\t\t\t\t<\/div>\n\t\t\t\t<\/div>\n\t\t\t\t<\/div>\n\t\t<div class=\"elementor-element elementor-element-93ebfe0 e-flex e-con-boxed e-con e-parent\" data-id=\"93ebfe0\" data-element_type=\"container\">\n\t\t\t\t\t<div class=\"e-con-inner\">\n\t\t<div class=\"elementor-element elementor-element-4eb2465 e-con-full e-flex e-con e-child\" data-id=\"4eb2465\" data-element_type=\"container\">\n\t\t\t\t<div class=\"elementor-element elementor-element-5e815c5 elementor-widget elementor-widget-image\" data-id=\"5e815c5\" data-element_type=\"widget\" data-widget_type=\"image.default\">\n\t\t\t\t<div class=\"elementor-widget-container\">\n\t\t\t\t\t\t\t\t\t\t\t\t\t\t\t<img decoding=\"async\" src=\"https:\/\/sarkozidesign.hu\/wp-content\/uploads\/elementor\/thumbs\/BA1_Kovacsne_Sarkozi_Helga_Bubbydoo_02-scaled-qylgs5l2j9dkbdwziyr40iozeozsllevzi4ijeod70.jpg\" title=\"BA1_Kov\u00e1csn\u00e9_S\u00e1rk\u00f6zi_Helga_Bubbydoo_02\" alt=\"BA1_Kov\u00e1csn\u00e9_S\u00e1rk\u00f6zi_Helga_Bubbydoo_02\" loading=\"lazy\" \/>\t\t\t\t\t\t\t\t\t\t\t\t\t\t\t<\/div>\n\t\t\t\t<\/div>\n\t\t\t\t<\/div>\n\t\t<div class=\"elementor-element elementor-element-6c5c2f8 e-con-full e-flex e-con e-child\" data-id=\"6c5c2f8\" data-element_type=\"container\">\n\t\t\t\t<div class=\"elementor-element elementor-element-7f2b7e6 elementor-widget elementor-widget-image\" data-id=\"7f2b7e6\" data-element_type=\"widget\" data-widget_type=\"image.default\">\n\t\t\t\t<div class=\"elementor-widget-container\">\n\t\t\t\t\t\t\t\t\t\t\t\t\t\t\t<img alt=\"\" fetchpriority=\"high\" decoding=\"async\" width=\"768\" height=\"1148\" src=\"https:\/\/sarkozidesign.hu\/wp-content\/uploads\/2024\/12\/muszaki-baba-1-768x1148.jpg\" class=\"attachment-medium_large size-medium_large wp-image-617\" srcset=\"https:\/\/sarkozidesign.hu\/wp-content\/uploads\/2024\/12\/muszaki-baba-1-768x1148.jpg 768w, https:\/\/sarkozidesign.hu\/wp-content\/uploads\/2024\/12\/muszaki-baba-1-201x300.jpg 201w, https:\/\/sarkozidesign.hu\/wp-content\/uploads\/2024\/12\/muszaki-baba-1-685x1024.jpg 685w, https:\/\/sarkozidesign.hu\/wp-content\/uploads\/2024\/12\/muszaki-baba-1.jpg 1000w\" sizes=\"(max-width: 768px) 100vw, 768px\" \/>\t\t\t\t\t\t\t\t\t\t\t\t\t\t\t<\/div>\n\t\t\t\t<\/div>\n\t\t\t\t<\/div>\n\t\t\t\t\t<\/div>\n\t\t\t\t<\/div>\n\t\t<div class=\"elementor-element elementor-element-c53d018 e-con-full e-flex e-con e-parent\" data-id=\"c53d018\" data-element_type=\"container\">\n\t\t<div class=\"elementor-element elementor-element-466a84c e-con-full e-flex e-con e-child\" data-id=\"466a84c\" data-element_type=\"container\">\n\t\t\t\t<div class=\"elementor-element elementor-element-420b1f5 elementor-widget elementor-widget-image\" data-id=\"420b1f5\" data-element_type=\"widget\" data-widget_type=\"image.default\">\n\t\t\t\t<div class=\"elementor-widget-container\">\n\t\t\t\t\t\t\t\t\t\t\t\t\t\t\t<img alt=\"\" decoding=\"async\" width=\"768\" height=\"768\" src=\"https:\/\/sarkozidesign.hu\/wp-content\/uploads\/2024\/12\/Untitled-1-1-768x768.jpg\" class=\"attachment-medium_large size-medium_large wp-image-455\" srcset=\"https:\/\/sarkozidesign.hu\/wp-content\/uploads\/2024\/12\/Untitled-1-1-768x768.jpg 768w, https:\/\/sarkozidesign.hu\/wp-content\/uploads\/2024\/12\/Untitled-1-1-300x300.jpg 300w, https:\/\/sarkozidesign.hu\/wp-content\/uploads\/2024\/12\/Untitled-1-1-150x150.jpg 150w, https:\/\/sarkozidesign.hu\/wp-content\/uploads\/2024\/12\/Untitled-1-1.jpg 1000w\" sizes=\"(max-width: 768px) 100vw, 768px\" \/>\t\t\t\t\t\t\t\t\t\t\t\t\t\t\t<\/div>\n\t\t\t\t<\/div>\n\t\t\t\t<\/div>\n\t\t\t\t<\/div>\n\t\t<div class=\"elementor-element elementor-element-18e2dcf e-con-full e-flex e-con e-parent\" data-id=\"18e2dcf\" data-element_type=\"container\">\n\t\t\t\t<div class=\"elementor-element elementor-element-d392301 elementor-widget__width-inherit elementor-widget elementor-widget-heading\" data-id=\"d392301\" data-element_type=\"widget\" data-widget_type=\"heading.default\">\n\t\t\t\t<div class=\"elementor-widget-container\">\n\t\t\t\t\t<h2 class=\"elementor-heading-title elementor-size-default\">Cala<\/h2>\t\t\t\t<\/div>\n\t\t\t\t<\/div>\n\t\t\t\t<div class=\"elementor-element elementor-element-31f4fa9 elementor-widget elementor-widget-text-editor\" data-id=\"31f4fa9\" data-element_type=\"widget\" data-widget_type=\"text-editor.default\">\n\t\t\t\t<div class=\"elementor-widget-container\">\n\t\t\t\t\t\t\t\t\t<p>A Moholy-Nagy M\u0171v\u00e9szeti Egyetemen terveztem ezt a cs\u00e9szep\u00e1rt. A feladat egy mesters\u00e9gesen l\u00e9trehozott szem\u00e9ly sz\u00e1m\u00e1ra olyan t\u00e1rgy megalkot\u00e1sa volt, mely illik a szem\u00e9lyis\u00e9g\u00e9hez \u00e9s probl\u00e9m\u00e1ihoz. Az \u00e9n persz\u00f3n\u00e1m a k\u00edv\u00fcl\u00e1ll\u00f3k szem\u00e9ben sikeres, er\u0151s n\u0151 volt, aki azonban komoly probl\u00e9m\u00e1kkal k\u00fczd\u00f6tt az emberi kapcsolatok kialak\u00edt\u00e1s\u00e1ban. A cs\u00e9szep\u00e1r szokatlan form\u00e1ja megragadja a figyelmet \u00e9s besz\u00e9lget\u00e9sre k\u00e9sztet. Elegend\u0151 id\u0151t hagy a p\u00e1rbesz\u00e9dre, de nem k\u00e9nyszer\u00edt k\u00ednosan hossz\u00fa diskurzusra. Nem engedi, hogy a partnerek elt\u00e1volodjanak egym\u00e1st\u00f3l, hisz a cs\u00e9szep\u00e1r \u00f6nmag\u00e1ban, a talpzat n\u00e9lk\u00fcl nem \u00e1ll meg. A ker\u00e1mia kem\u00e9nys\u00e9ge \u00e9s a fa finom, organikus erezete harmoniz\u00e1l egym\u00e1ssal. A tart\u00f3elem kem\u00e9ny, \u00e9les, v\u00e1gott form\u00e1i ellens\u00falyozz\u00e1k a cs\u00e9sze l\u00e1gy form\u00e1j\u00e1t. Az anyagokban, form\u00e1kban megjelen\u0151 ellent\u00e9tek finoman kiegyens\u00falyozz\u00e1k egym\u00e1st, harm\u00f3ni\u00e1t teremtenek.\u00a0<\/p>\t\t\t\t\t\t\t\t<\/div>\n\t\t\t\t<\/div>\n\t\t\t\t<\/div>\n\t\t<div class=\"elementor-element elementor-element-1d3700a e-con-full e-flex e-con e-parent\" data-id=\"1d3700a\" data-element_type=\"container\">\n\t\t\t\t<div class=\"elementor-element elementor-element-d7a6825 elementor-widget elementor-widget-image\" data-id=\"d7a6825\" data-element_type=\"widget\" data-widget_type=\"image.default\">\n\t\t\t\t<div class=\"elementor-widget-container\">\n\t\t\t\t\t\t\t\t\t\t\t\t\t\t\t<img decoding=\"async\" width=\"800\" height=\"540\" src=\"https:\/\/sarkozidesign.hu\/wp-content\/uploads\/2024\/12\/kovacs_sarkozi_helga_0_20190904-214922.jpg\" class=\"attachment-large size-large wp-image-246\" alt=\"K\u00e1v\u00e9scs\u00e9sze p\u00e1r\" srcset=\"https:\/\/sarkozidesign.hu\/wp-content\/uploads\/2024\/12\/kovacs_sarkozi_helga_0_20190904-214922.jpg 800w, https:\/\/sarkozidesign.hu\/wp-content\/uploads\/2024\/12\/kovacs_sarkozi_helga_0_20190904-214922-300x203.jpg 300w, https:\/\/sarkozidesign.hu\/wp-content\/uploads\/2024\/12\/kovacs_sarkozi_helga_0_20190904-214922-768x518.jpg 768w\" sizes=\"(max-width: 800px) 100vw, 800px\" \/>\t\t\t\t\t\t\t\t\t\t\t\t\t\t\t<\/div>\n\t\t\t\t<\/div>\n\t\t\t\t<\/div>\n\t\t<div class=\"elementor-element elementor-element-84082b1 e-con-full e-flex e-con e-parent\" data-id=\"84082b1\" data-element_type=\"container\">\n\t\t\t\t<div class=\"elementor-element elementor-element-309bdf9 elementor-widget elementor-widget-image\" data-id=\"309bdf9\" data-element_type=\"widget\" data-widget_type=\"image.default\">\n\t\t\t\t<div class=\"elementor-widget-container\">\n\t\t\t\t\t\t\t\t\t\t\t\t\t\t\t<img alt=\"\" loading=\"lazy\" decoding=\"async\" width=\"1024\" height=\"722\" src=\"https:\/\/sarkozidesign.hu\/wp-content\/uploads\/2024\/12\/csesze-kezben-1024x722.jpg\" class=\"attachment-large size-large wp-image-625\" srcset=\"https:\/\/sarkozidesign.hu\/wp-content\/uploads\/2024\/12\/csesze-kezben-1024x722.jpg 1024w, https:\/\/sarkozidesign.hu\/wp-content\/uploads\/2024\/12\/csesze-kezben-300x211.jpg 300w, https:\/\/sarkozidesign.hu\/wp-content\/uploads\/2024\/12\/csesze-kezben-768x541.jpg 768w, https:\/\/sarkozidesign.hu\/wp-content\/uploads\/2024\/12\/csesze-kezben-1536x1083.jpg 1536w, https:\/\/sarkozidesign.hu\/wp-content\/uploads\/2024\/12\/csesze-kezben-2048x1444.jpg 2048w\" sizes=\"(max-width: 1024px) 100vw, 1024px\" \/>\t\t\t\t\t\t\t\t\t\t\t\t\t\t\t<\/div>\n\t\t\t\t<\/div>\n\t\t\t\t<\/div>\n\t\t\t\t<\/div>","protected":false},"excerpt":{"rendered":"<p>Bubby-doo A Moholy-Nagy M\u0171v\u00e9szeti Egyetemen a formatervez\u0151 szak els\u0151 \u00e9ves tervez\u00e9si feladata egy szabadon v\u00e1lasztott funkci\u00f3val rendelkez\u0151 kefe megalkot\u00e1sa volt. \u00cdgy sz\u00fcletett meg Bubby-doo, a kedves &#8222;kefebar\u00e1t&#8221;,\u00a0aki mindig elk\u00eds\u00e9ri gazd\u00e1j\u00e1t a j\u00e1tsz\u00f3t\u00e9rre. Minden viszontags\u00e1got elvisel, nem \u00e9rdekli, ha a madzagj\u00e1n\u00e1l fogva r\u00e1ngatj\u00e1k, vagy a homokba dobj\u00e1k. A kisgyermekekt\u0151l az \u00e1ltal\u00e1nos iskol\u00e1s kor\u00faakig megtan\u00edtja a gyerekeket&#8230;<\/p>","protected":false},"author":1,"featured_media":246,"parent":0,"menu_order":0,"comment_status":"closed","ping_status":"closed","template":"","meta":{"_seopress_robots_primary_cat":"","_seopress_titles_title":"Design","_seopress_titles_desc":"Id\u0151t\u00e1ll\u00f3, \u00e1tgondolt, indokolt design term\u00e9kek","_seopress_robots_index":"","_kadence_starter_templates_imported_post":false,"_kad_post_transparent":"","_kad_post_title":"hide","_kad_post_layout":"fullwidth","_kad_post_sidebar_id":"","_kad_post_content_style":"unboxed","_kad_post_vertical_padding":"hide","_kad_post_feature":"hide","_kad_post_feature_position":"","_kad_post_header":false,"_kad_post_footer":false,"footnotes":""},"class_list":["post-224","page","type-page","status-publish","has-post-thumbnail","hentry"],"_links":{"self":[{"href":"https:\/\/sarkozidesign.hu\/en\/wp-json\/wp\/v2\/pages\/224","targetHints":{"allow":["GET"]}}],"collection":[{"href":"https:\/\/sarkozidesign.hu\/en\/wp-json\/wp\/v2\/pages"}],"about":[{"href":"https:\/\/sarkozidesign.hu\/en\/wp-json\/wp\/v2\/types\/page"}],"author":[{"embeddable":true,"href":"https:\/\/sarkozidesign.hu\/en\/wp-json\/wp\/v2\/users\/1"}],"replies":[{"embeddable":true,"href":"https:\/\/sarkozidesign.hu\/en\/wp-json\/wp\/v2\/comments?post=224"}],"version-history":[{"count":0,"href":"https:\/\/sarkozidesign.hu\/en\/wp-json\/wp\/v2\/pages\/224\/revisions"}],"wp:featuredmedia":[{"embeddable":true,"href":"https:\/\/sarkozidesign.hu\/en\/wp-json\/wp\/v2\/media\/246"}],"wp:attachment":[{"href":"https:\/\/sarkozidesign.hu\/en\/wp-json\/wp\/v2\/media?parent=224"}],"curies":[{"name":"wp","href":"https:\/\/api.w.org\/{rel}","templated":true}]}}