{"id":267,"date":"2024-12-16T14:34:26","date_gmt":"2024-12-16T14:34:26","guid":{"rendered":"https:\/\/sarkozidesign.hu\/?page_id=267"},"modified":"2025-01-24T10:18:50","modified_gmt":"2025-01-24T10:18:50","slug":"rolam","status":"publish","type":"page","link":"https:\/\/sarkozidesign.hu\/en\/rolam\/","title":{"rendered":"About me"},"content":{"rendered":"<div data-elementor-type=\"wp-page\" data-elementor-id=\"267\" class=\"elementor elementor-267\">\n\t\t\t\t<div class=\"elementor-element elementor-element-31f40c9 e-con-full e-flex e-con e-parent\" data-id=\"31f40c9\" data-element_type=\"container\">\n\t\t<div class=\"elementor-element elementor-element-18b1cbc e-con-full e-flex e-con e-child\" data-id=\"18b1cbc\" data-element_type=\"container\">\n\t\t\t\t<div class=\"elementor-element elementor-element-80ef4ca elementor-widget elementor-widget-text-editor\" data-id=\"80ef4ca\" data-element_type=\"widget\" data-widget_type=\"text-editor.default\">\n\t\t\t\t<div class=\"elementor-widget-container\">\n\t\t\t\t\t\t\t\t\t<p>Hi! I am Helga, originally a historian, later a diplomat, and finally a designer and illustrator. After my first university degree, I fell in love with the world of design during a job in Finland and started studying it. While I was learning the phases of object design at Moholy-Nagy University of Art and Design, I also became interested in online platforms, so I developed myself in web design as well.\u00a0<\/p><p>After more than ten years abroad, I have returned home and left public administration to work full-time creating illustrations, websites and helping to build relationships with national and international cultural actors. I believe in direct contact between people, the importance of thinking together and listening to each other. I like exciting, complex projects that bring together different artistic disciplines and even involve people from other fields.\u00a0<\/p><p>As an illustrator, it is the exploration of deeper meanings, connections and the presentation of new layers of meaning that really excites me. For me, each part of an object or illustration should have its own purpose and content. This is what makes the finished work the best choice for its prospective owner. All my work begins with research and discussion with the client. Let's work together on your vision!<\/p>\t\t\t\t\t\t\t\t<\/div>\n\t\t\t\t<\/div>\n\t\t\t\t<\/div>\n\t\t<div class=\"elementor-element elementor-element-8a14d18 e-con-full e-flex e-con e-child\" data-id=\"8a14d18\" data-element_type=\"container\">\n\t\t\t\t<div class=\"elementor-element elementor-element-f74fd67 elementor-widget elementor-widget-image\" data-id=\"f74fd67\" data-element_type=\"widget\" data-widget_type=\"image.default\">\n\t\t\t\t<div class=\"elementor-widget-container\">\n\t\t\t\t\t\t\t\t\t\t\t\t\t\t\t<img fetchpriority=\"high\" decoding=\"async\" width=\"269\" height=\"371\" src=\"https:\/\/sarkozidesign.hu\/wp-content\/uploads\/2024\/12\/image-1.png\" class=\"attachment-large size-large wp-image-596\" alt=\"Kov\u00e1cs-S\u00e1rk\u00f6zi Helga\" srcset=\"https:\/\/sarkozidesign.hu\/wp-content\/uploads\/2024\/12\/image-1.png 269w, https:\/\/sarkozidesign.hu\/wp-content\/uploads\/2024\/12\/image-1-218x300.png 218w\" sizes=\"(max-width: 269px) 100vw, 269px\" \/>\t\t\t\t\t\t\t\t\t\t\t\t\t\t\t<\/div>\n\t\t\t\t<\/div>\n\t\t\t\t<\/div>\n\t\t\t\t<\/div>\n\t\t\t\t<\/div>","protected":false},"excerpt":{"rendered":"<p>Kov\u00e1cs-S\u00e1rk\u00f6zi Helga vagyok, eredetileg b\u00f6lcs\u00e9sz, majd diplomata, s m\u00e1ra m\u00e1r designer, illusztr\u00e1tor. Az els\u0151 egyetemi v\u00e9gzetts\u00e9gem megszerz\u00e9se ut\u00e1n Finnorsz\u00e1gban dolgozva szerettem bele a design vil\u00e1g\u00e1ba \u00e9s kezdtem el el\u0151sz\u00f6r formatervez\u00e9st, majd illusztr\u00e1ci\u00f3t tanulni. Mik\u00f6zben a Moholy-Nagy M\u0171v\u00e9szeti Egyetemen a t\u00e1rgytervez\u00e9s f\u00e1zisait tanultam, az online tervez\u00e9s is \u00e9rdekelni kezdett, \u00edgy autodidakta m\u00f3don k\u00e9peztem magam a webdesign&#8230;<\/p>","protected":false},"author":1,"featured_media":596,"parent":0,"menu_order":0,"comment_status":"closed","ping_status":"closed","template":"","meta":{"_seopress_robots_primary_cat":"","_seopress_titles_title":"R\u00f3lam","_seopress_titles_desc":"Kov\u00e1cs-S\u00e1rk\u00f6zi Helga vagyok, eredetileg b\u00f6lcs\u00e9sz, majd diplomata, s m\u00e1ra m\u00e1r designer, illusztr\u00e1tor.","_seopress_robots_index":"","_kadence_starter_templates_imported_post":false,"_kad_post_transparent":"","_kad_post_title":"hide","_kad_post_layout":"fullwidth","_kad_post_sidebar_id":"","_kad_post_content_style":"unboxed","_kad_post_vertical_padding":"hide","_kad_post_feature":"hide","_kad_post_feature_position":"","_kad_post_header":false,"_kad_post_footer":false,"footnotes":""},"class_list":["post-267","page","type-page","status-publish","has-post-thumbnail","hentry"],"_links":{"self":[{"href":"https:\/\/sarkozidesign.hu\/en\/wp-json\/wp\/v2\/pages\/267","targetHints":{"allow":["GET"]}}],"collection":[{"href":"https:\/\/sarkozidesign.hu\/en\/wp-json\/wp\/v2\/pages"}],"about":[{"href":"https:\/\/sarkozidesign.hu\/en\/wp-json\/wp\/v2\/types\/page"}],"author":[{"embeddable":true,"href":"https:\/\/sarkozidesign.hu\/en\/wp-json\/wp\/v2\/users\/1"}],"replies":[{"embeddable":true,"href":"https:\/\/sarkozidesign.hu\/en\/wp-json\/wp\/v2\/comments?post=267"}],"version-history":[{"count":0,"href":"https:\/\/sarkozidesign.hu\/en\/wp-json\/wp\/v2\/pages\/267\/revisions"}],"wp:featuredmedia":[{"embeddable":true,"href":"https:\/\/sarkozidesign.hu\/en\/wp-json\/wp\/v2\/media\/596"}],"wp:attachment":[{"href":"https:\/\/sarkozidesign.hu\/en\/wp-json\/wp\/v2\/media?parent=267"}],"curies":[{"name":"wp","href":"https:\/\/api.w.org\/{rel}","templated":true}]}}