{"id":292,"date":"2024-12-16T15:41:48","date_gmt":"2024-12-16T15:41:48","guid":{"rendered":"https:\/\/sarkozidesign.hu\/?page_id=292"},"modified":"2025-08-05T15:09:11","modified_gmt":"2025-08-05T15:09:11","slug":"konyv-es-meseillusztracio","status":"publish","type":"page","link":"https:\/\/sarkozidesign.hu\/en\/konyv-es-meseillusztracio\/","title":{"rendered":"Books and tales"},"content":{"rendered":"<div data-elementor-type=\"wp-page\" data-elementor-id=\"292\" class=\"elementor elementor-292\">\n\t\t\t\t<div class=\"elementor-element elementor-element-c45cfad e-con-full e-flex e-con e-parent\" data-id=\"c45cfad\" data-element_type=\"container\">\n\t\t\t\t<\/div>\n\t\t<div class=\"elementor-element elementor-element-808680b e-con-full e-flex e-con e-parent\" data-id=\"808680b\" data-element_type=\"container\">\n\t\t\t\t<div class=\"elementor-element elementor-element-1f53a36 elementor-widget__width-inherit elementor-widget elementor-widget-heading\" data-id=\"1f53a36\" data-element_type=\"widget\" data-widget_type=\"heading.default\">\n\t\t\t\t<div class=\"elementor-widget-container\">\n\t\t\t\t\t<h2 class=\"elementor-heading-title elementor-size-default\">Faludy Gy\u00f6rgy<br>My happy days in hell<\/h2>\t\t\t\t<\/div>\n\t\t\t\t<\/div>\n\t\t\t\t<div class=\"elementor-element elementor-element-f79966a elementor-widget elementor-widget-text-editor\" data-id=\"f79966a\" data-element_type=\"widget\" data-widget_type=\"text-editor.default\">\n\t\t\t\t<div class=\"elementor-widget-container\">\n\t\t\t\t\t\t\t\t\t<p>The illustrations are\u00a0intended to express the philosophical content of the novel and  to quietly support the reader in finding the questions raised by the book:<\/p><p>What is true bravery? <br \/>What is the difference between real bravery and drifting with events? <br \/>Does moral bravery defeat the instinct to live? Are we more than instinct beings?<\/p>\t\t\t\t\t\t\t\t<\/div>\n\t\t\t\t<\/div>\n\t\t\t\t<\/div>\n\t\t<div class=\"elementor-element elementor-element-813c365 e-con-full e-flex e-con e-parent\" data-id=\"813c365\" data-element_type=\"container\">\n\t\t\t\t<div class=\"elementor-element elementor-element-7f6ce6d elementor-widget elementor-widget-image\" data-id=\"7f6ce6d\" data-element_type=\"widget\" data-widget_type=\"image.default\">\n\t\t\t\t<div class=\"elementor-widget-container\">\n\t\t\t\t\t\t\t\t\t\t\t\t\t\t\t<img alt=\"\" fetchpriority=\"high\" decoding=\"async\" width=\"768\" height=\"768\" src=\"https:\/\/sarkozidesign.hu\/wp-content\/uploads\/2024\/12\/betonbanFaludy-1-scaled-e1734424313565-768x768.jpg\" class=\"attachment-medium_large size-medium_large wp-image-300\" srcset=\"https:\/\/sarkozidesign.hu\/wp-content\/uploads\/2024\/12\/betonbanFaludy-1-scaled-e1734424313565-768x768.jpg 768w, https:\/\/sarkozidesign.hu\/wp-content\/uploads\/2024\/12\/betonbanFaludy-1-scaled-e1734424313565-150x150.jpg 150w, https:\/\/sarkozidesign.hu\/wp-content\/uploads\/2024\/12\/betonbanFaludy-1-scaled-e1734424313565-300x300.jpg 300w, https:\/\/sarkozidesign.hu\/wp-content\/uploads\/2024\/12\/betonbanFaludy-1-scaled-e1734424313565-1024x1024.jpg 1024w, https:\/\/sarkozidesign.hu\/wp-content\/uploads\/2024\/12\/betonbanFaludy-1-scaled-e1734424313565-1536x1536.jpg 1536w\" sizes=\"(max-width: 768px) 100vw, 768px\" \/>\t\t\t\t\t\t\t\t\t\t\t\t\t\t\t<\/div>\n\t\t\t\t<\/div>\n\t\t\t\t<\/div>\n\t\t<div class=\"elementor-element elementor-element-43dbc35 e-con-full e-flex e-con e-parent\" data-id=\"43dbc35\" data-element_type=\"container\">\n\t\t\t\t<div class=\"elementor-element elementor-element-52509eb elementor-widget elementor-widget-image\" data-id=\"52509eb\" data-element_type=\"widget\" data-widget_type=\"image.default\">\n\t\t\t\t<div class=\"elementor-widget-container\">\n\t\t\t\t\t\t\t\t\t\t\t\t\t\t\t<img alt=\"\" decoding=\"async\" width=\"768\" height=\"1090\" src=\"https:\/\/sarkozidesign.hu\/wp-content\/uploads\/2024\/12\/3.illu_-768x1090.jpg\" class=\"attachment-medium_large size-medium_large wp-image-362\" srcset=\"https:\/\/sarkozidesign.hu\/wp-content\/uploads\/2024\/12\/3.illu_-768x1090.jpg 768w, https:\/\/sarkozidesign.hu\/wp-content\/uploads\/2024\/12\/3.illu_-211x300.jpg 211w, https:\/\/sarkozidesign.hu\/wp-content\/uploads\/2024\/12\/3.illu_-722x1024.jpg 722w, https:\/\/sarkozidesign.hu\/wp-content\/uploads\/2024\/12\/3.illu_-1083x1536.jpg 1083w, https:\/\/sarkozidesign.hu\/wp-content\/uploads\/2024\/12\/3.illu_-1444x2048.jpg 1444w, https:\/\/sarkozidesign.hu\/wp-content\/uploads\/2024\/12\/3.illu_.jpg 1748w\" sizes=\"(max-width: 768px) 100vw, 768px\" \/>\t\t\t\t\t\t\t\t\t\t\t\t\t\t\t<\/div>\n\t\t\t\t<\/div>\n\t\t\t\t<\/div>\n\t\t<div class=\"elementor-element elementor-element-5281bcc e-con-full e-flex e-con e-parent\" data-id=\"5281bcc\" data-element_type=\"container\">\n\t\t<div class=\"elementor-element elementor-element-8b54045 e-con-full e-flex e-con e-child\" data-id=\"8b54045\" data-element_type=\"container\">\n\t\t\t\t<div class=\"elementor-element elementor-element-8b75281 elementor-widget elementor-widget-image\" data-id=\"8b75281\" data-element_type=\"widget\" data-widget_type=\"image.default\">\n\t\t\t\t<div class=\"elementor-widget-container\">\n\t\t\t\t\t\t\t\t\t\t\t\t\t\t\t<img alt=\"\" decoding=\"async\" width=\"768\" height=\"536\" src=\"https:\/\/sarkozidesign.hu\/wp-content\/uploads\/2024\/12\/illu6-768x536.jpg\" class=\"attachment-medium_large size-medium_large wp-image-363\" srcset=\"https:\/\/sarkozidesign.hu\/wp-content\/uploads\/2024\/12\/illu6-768x536.jpg 768w, https:\/\/sarkozidesign.hu\/wp-content\/uploads\/2024\/12\/illu6-300x209.jpg 300w, https:\/\/sarkozidesign.hu\/wp-content\/uploads\/2024\/12\/illu6-1024x714.jpg 1024w, https:\/\/sarkozidesign.hu\/wp-content\/uploads\/2024\/12\/illu6-1536x1072.jpg 1536w, https:\/\/sarkozidesign.hu\/wp-content\/uploads\/2024\/12\/illu6-2048x1429.jpg 2048w\" sizes=\"(max-width: 768px) 100vw, 768px\" \/>\t\t\t\t\t\t\t\t\t\t\t\t\t\t\t<\/div>\n\t\t\t\t<\/div>\n\t\t\t\t<\/div>\n\t\t<div class=\"elementor-element elementor-element-c0e2982 e-con-full e-flex e-con e-child\" data-id=\"c0e2982\" data-element_type=\"container\">\n\t\t\t\t<div class=\"elementor-element elementor-element-15a741d elementor-widget elementor-widget-image\" data-id=\"15a741d\" data-element_type=\"widget\" data-widget_type=\"image.default\">\n\t\t\t\t<div class=\"elementor-widget-container\">\n\t\t\t\t\t\t\t\t\t\t\t\t\t\t\t<img decoding=\"async\" src=\"https:\/\/sarkozidesign.hu\/wp-content\/uploads\/elementor\/thumbs\/2.illu_-qyqbpee1p115qdzjgj7uoarwhv8nb4u29fll5vy41c.jpg\" title=\"2.illu\" alt=\"2.illu\" loading=\"lazy\" \/>\t\t\t\t\t\t\t\t\t\t\t\t\t\t\t<\/div>\n\t\t\t\t<\/div>\n\t\t\t\t<\/div>\n\t\t\t\t<\/div>\n\t\t<div class=\"elementor-element elementor-element-b112741 e-con-full e-flex e-con e-parent\" data-id=\"b112741\" data-element_type=\"container\">\n\t\t\t\t<div class=\"elementor-element elementor-element-9e2032a elementor-widget elementor-widget-image\" data-id=\"9e2032a\" data-element_type=\"widget\" data-widget_type=\"image.default\">\n\t\t\t\t<div class=\"elementor-widget-container\">\n\t\t\t\t\t\t\t\t\t\t\t\t\t\t\t<img alt=\"\" loading=\"lazy\" decoding=\"async\" width=\"768\" height=\"1090\" src=\"https:\/\/sarkozidesign.hu\/wp-content\/uploads\/2024\/12\/1.illu_-768x1090.jpg\" class=\"attachment-medium_large size-medium_large wp-image-381\" srcset=\"https:\/\/sarkozidesign.hu\/wp-content\/uploads\/2024\/12\/1.illu_-768x1090.jpg 768w, https:\/\/sarkozidesign.hu\/wp-content\/uploads\/2024\/12\/1.illu_-211x300.jpg 211w, https:\/\/sarkozidesign.hu\/wp-content\/uploads\/2024\/12\/1.illu_-722x1024.jpg 722w, https:\/\/sarkozidesign.hu\/wp-content\/uploads\/2024\/12\/1.illu_-1083x1536.jpg 1083w, https:\/\/sarkozidesign.hu\/wp-content\/uploads\/2024\/12\/1.illu_-1444x2048.jpg 1444w, https:\/\/sarkozidesign.hu\/wp-content\/uploads\/2024\/12\/1.illu_.jpg 1748w\" sizes=\"(max-width: 768px) 100vw, 768px\" \/>\t\t\t\t\t\t\t\t\t\t\t\t\t\t\t<\/div>\n\t\t\t\t<\/div>\n\t\t\t\t<\/div>\n\t\t<div class=\"elementor-element elementor-element-e490c27 e-con-full e-flex e-con e-parent\" data-id=\"e490c27\" data-element_type=\"container\">\n\t\t\t\t<div class=\"elementor-element elementor-element-aef24dd elementor-widget elementor-widget-image\" data-id=\"aef24dd\" data-element_type=\"widget\" data-widget_type=\"image.default\">\n\t\t\t\t<div class=\"elementor-widget-container\">\n\t\t\t\t\t\t\t\t\t\t\t\t\t\t\t<img alt=\"\" loading=\"lazy\" decoding=\"async\" width=\"1024\" height=\"768\" src=\"https:\/\/sarkozidesign.hu\/wp-content\/uploads\/2024\/12\/Kovacs-Sarkozi_Helga_2122_evesprojekt_illusztracio7mockupban-1024x768.jpg\" class=\"attachment-large size-large wp-image-384\" srcset=\"https:\/\/sarkozidesign.hu\/wp-content\/uploads\/2024\/12\/Kovacs-Sarkozi_Helga_2122_evesprojekt_illusztracio7mockupban-1024x768.jpg 1024w, https:\/\/sarkozidesign.hu\/wp-content\/uploads\/2024\/12\/Kovacs-Sarkozi_Helga_2122_evesprojekt_illusztracio7mockupban-300x225.jpg 300w, https:\/\/sarkozidesign.hu\/wp-content\/uploads\/2024\/12\/Kovacs-Sarkozi_Helga_2122_evesprojekt_illusztracio7mockupban-768x576.jpg 768w, https:\/\/sarkozidesign.hu\/wp-content\/uploads\/2024\/12\/Kovacs-Sarkozi_Helga_2122_evesprojekt_illusztracio7mockupban-1536x1152.jpg 1536w, https:\/\/sarkozidesign.hu\/wp-content\/uploads\/2024\/12\/Kovacs-Sarkozi_Helga_2122_evesprojekt_illusztracio7mockupban-2048x1536.jpg 2048w\" sizes=\"(max-width: 1024px) 100vw, 1024px\" \/>\t\t\t\t\t\t\t\t\t\t\t\t\t\t\t<\/div>\n\t\t\t\t<\/div>\n\t\t\t\t<\/div>\n\t\t<div class=\"elementor-element elementor-element-88d66f9 e-con-full e-flex e-con e-parent\" data-id=\"88d66f9\" data-element_type=\"container\">\n\t\t\t\t<div class=\"elementor-element elementor-element-d3fec8f elementor-widget__width-inherit elementor-widget elementor-widget-heading\" data-id=\"d3fec8f\" data-element_type=\"widget\" data-widget_type=\"heading.default\">\n\t\t\t\t<div class=\"elementor-widget-container\">\n\t\t\t\t\t<h2 class=\"elementor-heading-title elementor-size-default\">Tales<\/h2>\t\t\t\t<\/div>\n\t\t\t\t<\/div>\n\t\t\t\t<div class=\"elementor-element elementor-element-252a570 elementor-widget elementor-widget-text-editor\" data-id=\"252a570\" data-element_type=\"widget\" data-widget_type=\"text-editor.default\">\n\t\t\t\t<div class=\"elementor-widget-container\">\n\t\t\t\t\t\t\t\t\t<p>For me, illustrating fairy tales means total freedom of tools, colours and shapes. The examples below show that watercolour, ink, linocut, all add an exciting and unique atmosphere to a fairy tale.\u00a0<\/p>\t\t\t\t\t\t\t\t<\/div>\n\t\t\t\t<\/div>\n\t\t\t\t<\/div>\n\t\t<div class=\"elementor-element elementor-element-2356e39 e-con-full e-flex e-con e-parent\" data-id=\"2356e39\" data-element_type=\"container\">\n\t\t<div class=\"elementor-element elementor-element-9c9bdce e-con-full e-flex e-con e-child\" data-id=\"9c9bdce\" data-element_type=\"container\">\n\t\t\t\t<div class=\"elementor-element elementor-element-151ff63 elementor-widget elementor-widget-image\" data-id=\"151ff63\" data-element_type=\"widget\" data-widget_type=\"image.default\">\n\t\t\t\t<div class=\"elementor-widget-container\">\n\t\t\t\t\t\t\t\t\t\t\t\t\t\t\t<img alt=\"\" loading=\"lazy\" decoding=\"async\" width=\"1024\" height=\"1024\" src=\"https:\/\/sarkozidesign.hu\/wp-content\/uploads\/2024\/12\/piroska-1024x1024.jpg\" class=\"attachment-large size-large wp-image-390\" srcset=\"https:\/\/sarkozidesign.hu\/wp-content\/uploads\/2024\/12\/piroska-1024x1024.jpg 1024w, https:\/\/sarkozidesign.hu\/wp-content\/uploads\/2024\/12\/piroska-300x300.jpg 300w, https:\/\/sarkozidesign.hu\/wp-content\/uploads\/2024\/12\/piroska-150x150.jpg 150w, https:\/\/sarkozidesign.hu\/wp-content\/uploads\/2024\/12\/piroska-768x768.jpg 768w, https:\/\/sarkozidesign.hu\/wp-content\/uploads\/2024\/12\/piroska-1536x1536.jpg 1536w, https:\/\/sarkozidesign.hu\/wp-content\/uploads\/2024\/12\/piroska.jpg 1596w\" sizes=\"(max-width: 1024px) 100vw, 1024px\" \/>\t\t\t\t\t\t\t\t\t\t\t\t\t\t\t<\/div>\n\t\t\t\t<\/div>\n\t\t\t\t<\/div>\n\t\t<div class=\"elementor-element elementor-element-8124214 e-con-full e-flex e-con e-child\" data-id=\"8124214\" data-element_type=\"container\">\n\t\t\t\t<div class=\"elementor-element elementor-element-3e1082a elementor-widget elementor-widget-image\" data-id=\"3e1082a\" data-element_type=\"widget\" data-widget_type=\"image.default\">\n\t\t\t\t<div class=\"elementor-widget-container\">\n\t\t\t\t\t\t\t\t\t\t\t\t\t\t\t<img loading=\"lazy\" decoding=\"async\" width=\"1000\" height=\"1000\" src=\"https:\/\/sarkozidesign.hu\/wp-content\/uploads\/2024\/12\/templom.jpg\" class=\"attachment-large size-large wp-image-392\" alt=\"Templom t\u00f6v\u00e9ben - rem\u00e9ny\" srcset=\"https:\/\/sarkozidesign.hu\/wp-content\/uploads\/2024\/12\/templom.jpg 1000w, https:\/\/sarkozidesign.hu\/wp-content\/uploads\/2024\/12\/templom-300x300.jpg 300w, https:\/\/sarkozidesign.hu\/wp-content\/uploads\/2024\/12\/templom-150x150.jpg 150w, https:\/\/sarkozidesign.hu\/wp-content\/uploads\/2024\/12\/templom-768x768.jpg 768w\" sizes=\"(max-width: 1000px) 100vw, 1000px\" \/>\t\t\t\t\t\t\t\t\t\t\t\t\t\t\t<\/div>\n\t\t\t\t<\/div>\n\t\t\t\t<\/div>\n\t\t<div class=\"elementor-element elementor-element-70fd8df e-con-full e-flex e-con e-child\" data-id=\"70fd8df\" data-element_type=\"container\">\n\t\t\t\t<div class=\"elementor-element elementor-element-b8e05cd elementor-widget elementor-widget-image\" data-id=\"b8e05cd\" data-element_type=\"widget\" data-widget_type=\"image.default\">\n\t\t\t\t<div class=\"elementor-widget-container\">\n\t\t\t\t\t\t\t\t\t\t\t\t\t\t\t<img alt=\"\" loading=\"lazy\" decoding=\"async\" width=\"1000\" height=\"1000\" src=\"https:\/\/sarkozidesign.hu\/wp-content\/uploads\/2024\/12\/diotoro.jpg\" class=\"attachment-large size-large wp-image-394\" srcset=\"https:\/\/sarkozidesign.hu\/wp-content\/uploads\/2024\/12\/diotoro.jpg 1000w, https:\/\/sarkozidesign.hu\/wp-content\/uploads\/2024\/12\/diotoro-300x300.jpg 300w, https:\/\/sarkozidesign.hu\/wp-content\/uploads\/2024\/12\/diotoro-150x150.jpg 150w, https:\/\/sarkozidesign.hu\/wp-content\/uploads\/2024\/12\/diotoro-768x768.jpg 768w\" sizes=\"(max-width: 1000px) 100vw, 1000px\" \/>\t\t\t\t\t\t\t\t\t\t\t\t\t\t\t<\/div>\n\t\t\t\t<\/div>\n\t\t\t\t<\/div>\n\t\t\t\t<\/div>\n\t\t<div class=\"elementor-element elementor-element-57bf905 e-con-full e-flex e-con e-parent\" data-id=\"57bf905\" data-element_type=\"container\">\n\t\t\t\t<div class=\"elementor-element elementor-element-b374fa8 elementor-widget elementor-widget-image\" data-id=\"b374fa8\" data-element_type=\"widget\" data-widget_type=\"image.default\">\n\t\t\t\t<div class=\"elementor-widget-container\">\n\t\t\t\t\t\t\t\t\t\t\t\t\t\t\t<img alt=\"\" loading=\"lazy\" decoding=\"async\" width=\"1024\" height=\"720\" src=\"https:\/\/sarkozidesign.hu\/wp-content\/uploads\/2024\/12\/ruoholahtickicc-1024x720.jpg\" class=\"attachment-large size-large wp-image-456\" srcset=\"https:\/\/sarkozidesign.hu\/wp-content\/uploads\/2024\/12\/ruoholahtickicc-1024x720.jpg 1024w, https:\/\/sarkozidesign.hu\/wp-content\/uploads\/2024\/12\/ruoholahtickicc-300x211.jpg 300w, https:\/\/sarkozidesign.hu\/wp-content\/uploads\/2024\/12\/ruoholahtickicc-768x540.jpg 768w, https:\/\/sarkozidesign.hu\/wp-content\/uploads\/2024\/12\/ruoholahtickicc-1536x1080.jpg 1536w, https:\/\/sarkozidesign.hu\/wp-content\/uploads\/2024\/12\/ruoholahtickicc-2048x1440.jpg 2048w\" sizes=\"(max-width: 1024px) 100vw, 1024px\" \/>\t\t\t\t\t\t\t\t\t\t\t\t\t\t\t<\/div>\n\t\t\t\t<\/div>\n\t\t\t\t<\/div>\n\t\t<div class=\"elementor-element elementor-element-7c2f815 e-con-full e-flex e-con e-parent\" data-id=\"7c2f815\" data-element_type=\"container\">\n\t\t\t\t<div class=\"elementor-element elementor-element-63fa22c elementor-widget elementor-widget-image\" data-id=\"63fa22c\" data-element_type=\"widget\" data-widget_type=\"image.default\">\n\t\t\t\t<div class=\"elementor-widget-container\">\n\t\t\t\t\t\t\t\t\t\t\t\t\t\t\t<img loading=\"lazy\" decoding=\"async\" width=\"1639\" height=\"624\" src=\"https:\/\/sarkozidesign.hu\/wp-content\/uploads\/2024\/12\/fbhatter-1.jpg\" class=\"attachment-full size-full wp-image-395\" alt=\"Tengerparti v\u00e1ros\" srcset=\"https:\/\/sarkozidesign.hu\/wp-content\/uploads\/2024\/12\/fbhatter-1.jpg 1639w, https:\/\/sarkozidesign.hu\/wp-content\/uploads\/2024\/12\/fbhatter-1-300x114.jpg 300w, https:\/\/sarkozidesign.hu\/wp-content\/uploads\/2024\/12\/fbhatter-1-1024x390.jpg 1024w, https:\/\/sarkozidesign.hu\/wp-content\/uploads\/2024\/12\/fbhatter-1-768x292.jpg 768w, https:\/\/sarkozidesign.hu\/wp-content\/uploads\/2024\/12\/fbhatter-1-1536x585.jpg 1536w\" sizes=\"(max-width: 1639px) 100vw, 1639px\" \/>\t\t\t\t\t\t\t\t\t\t\t\t\t\t\t<\/div>\n\t\t\t\t<\/div>\n\t\t\t\t<\/div>\n\t\t\t\t<\/div>","protected":false},"excerpt":{"rendered":"<p>Faludy Gy\u00f6rgyPokolb\u00e9li v\u00edg napjaim Illusztr\u00e1tor k\u00e9pz\u00e9sem z\u00e1r\u00f3munk\u00e1jak\u00e9nt k\u00e9sz\u00fcltek Faludy Gy\u00f6rgy \u00e9letrajzi ihlet\u00e9s\u0171 reg\u00e9ny\u00e9nek illusztr\u00e1ci\u00f3i. C\u00e9lom az olvas\u00f3k t\u00e1mogat\u00e1sa volt a k\u00f6nyv \u00e1ltal felvetett k\u00e9rd\u00e9sek megtal\u00e1l\u00e1s\u00e1ban: Mi az igazi b\u00e1tors\u00e1g? Mi a k\u00fcl\u00f6nbs\u00e9g az igazi b\u00e1tors\u00e1g \u00e9s az esem\u00e9nyekkel val\u00f3 sodr\u00f3d\u00e1s k\u00f6z\u00f6tt? Az erk\u00f6lcsi b\u00e1tors\u00e1g legy\u0151zi az \u00e9let\u00f6szt\u00f6nt? T\u00f6bbek vagyunk-e \u00f6szt\u00f6nl\u00e9nyekn\u00e9l? Meseillusztr\u00e1ci\u00f3k A mes\u00e9k illusztr\u00e1l\u00e1sa sz\u00e1momra&#8230;<\/p>","protected":false},"author":1,"featured_media":392,"parent":0,"menu_order":0,"comment_status":"closed","ping_status":"closed","template":"","meta":{"_seopress_robots_primary_cat":"","_seopress_titles_title":"K\u00f6nyv- \u00e9s meseillusztr\u00e1ci\u00f3k","_seopress_titles_desc":"Illusztr\u00e1ci\u00f3k minden koroszt\u00e1ly sz\u00e1m\u00e1ra az irodalmi alkot\u00e1sok rejtett r\u00e9tegeinek felfedez\u00e9s\u00e9hez.","_seopress_robots_index":"","_kadence_starter_templates_imported_post":false,"_kad_post_transparent":"","_kad_post_title":"hide","_kad_post_layout":"fullwidth","_kad_post_sidebar_id":"","_kad_post_content_style":"unboxed","_kad_post_vertical_padding":"hide","_kad_post_feature":"hide","_kad_post_feature_position":"","_kad_post_header":false,"_kad_post_footer":false,"footnotes":""},"class_list":["post-292","page","type-page","status-publish","has-post-thumbnail","hentry"],"_links":{"self":[{"href":"https:\/\/sarkozidesign.hu\/en\/wp-json\/wp\/v2\/pages\/292","targetHints":{"allow":["GET"]}}],"collection":[{"href":"https:\/\/sarkozidesign.hu\/en\/wp-json\/wp\/v2\/pages"}],"about":[{"href":"https:\/\/sarkozidesign.hu\/en\/wp-json\/wp\/v2\/types\/page"}],"author":[{"embeddable":true,"href":"https:\/\/sarkozidesign.hu\/en\/wp-json\/wp\/v2\/users\/1"}],"replies":[{"embeddable":true,"href":"https:\/\/sarkozidesign.hu\/en\/wp-json\/wp\/v2\/comments?post=292"}],"version-history":[{"count":0,"href":"https:\/\/sarkozidesign.hu\/en\/wp-json\/wp\/v2\/pages\/292\/revisions"}],"wp:featuredmedia":[{"embeddable":true,"href":"https:\/\/sarkozidesign.hu\/en\/wp-json\/wp\/v2\/media\/392"}],"wp:attachment":[{"href":"https:\/\/sarkozidesign.hu\/en\/wp-json\/wp\/v2\/media?parent=292"}],"curies":[{"name":"wp","href":"https:\/\/api.w.org\/{rel}","templated":true}]}}