{"id":406,"date":"2024-12-19T14:18:18","date_gmt":"2024-12-19T14:18:18","guid":{"rendered":"https:\/\/sarkozidesign.hu\/?page_id=406"},"modified":"2025-01-02T14:58:53","modified_gmt":"2025-01-02T14:58:53","slug":"plakatok-meghivok-miegymas","status":"publish","type":"page","link":"https:\/\/sarkozidesign.hu\/en\/plakatok-meghivok-miegymas\/","title":{"rendered":"Posters, invitations, etc."},"content":{"rendered":"<div data-elementor-type=\"wp-page\" data-elementor-id=\"406\" class=\"elementor elementor-406\">\n\t\t\t\t<div class=\"elementor-element elementor-element-7f41d2a e-con-full e-flex e-con e-parent\" data-id=\"7f41d2a\" data-element_type=\"container\">\n\t\t\t\t<div class=\"elementor-element elementor-element-ddb7794 elementor-widget__width-inherit elementor-widget elementor-widget-heading\" data-id=\"ddb7794\" data-element_type=\"widget\" data-widget_type=\"heading.default\">\n\t\t\t\t<div class=\"elementor-widget-container\">\n\t\t\t\t\t<h2 class=\"elementor-heading-title elementor-size-default\">Wedding<\/h2>\t\t\t\t<\/div>\n\t\t\t\t<\/div>\n\t\t\t\t<div class=\"elementor-element elementor-element-22879d7 elementor-widget elementor-widget-text-editor\" data-id=\"22879d7\" data-element_type=\"widget\" data-widget_type=\"text-editor.default\">\n\t\t\t\t<div class=\"elementor-widget-container\">\n\t\t\t\t\t\t\t\t\t<p>Wedding design with a fun atmosphere for a fishing crazy couple.\u00a0<\/p>\t\t\t\t\t\t\t\t<\/div>\n\t\t\t\t<\/div>\n\t\t\t\t<\/div>\n\t\t<div class=\"elementor-element elementor-element-66fdb0b e-con-full e-flex e-con e-parent\" data-id=\"66fdb0b\" data-element_type=\"container\">\n\t\t\t\t<div class=\"elementor-element elementor-element-0323219 elementor-widget elementor-widget-image\" data-id=\"0323219\" data-element_type=\"widget\" data-widget_type=\"image.default\">\n\t\t\t\t<div class=\"elementor-widget-container\">\n\t\t\t\t\t\t\t\t\t\t\t\t\t\t\t<img alt=\"\" fetchpriority=\"high\" decoding=\"async\" width=\"1000\" height=\"1000\" src=\"https:\/\/sarkozidesign.hu\/wp-content\/uploads\/2024\/12\/meghivo-NoriLalakicsi-2.png\" class=\"attachment-large size-large wp-image-470\" srcset=\"https:\/\/sarkozidesign.hu\/wp-content\/uploads\/2024\/12\/meghivo-NoriLalakicsi-2.png 1000w, https:\/\/sarkozidesign.hu\/wp-content\/uploads\/2024\/12\/meghivo-NoriLalakicsi-2-300x300.png 300w, https:\/\/sarkozidesign.hu\/wp-content\/uploads\/2024\/12\/meghivo-NoriLalakicsi-2-150x150.png 150w, https:\/\/sarkozidesign.hu\/wp-content\/uploads\/2024\/12\/meghivo-NoriLalakicsi-2-768x768.png 768w\" sizes=\"(max-width: 1000px) 100vw, 1000px\" \/>\t\t\t\t\t\t\t\t\t\t\t\t\t\t\t<\/div>\n\t\t\t\t<\/div>\n\t\t\t\t<\/div>\n\t\t<div class=\"elementor-element elementor-element-388064c e-con-full e-flex e-con e-parent\" data-id=\"388064c\" data-element_type=\"container\">\n\t\t<div class=\"elementor-element elementor-element-6c3feff e-con-full e-flex e-con e-child\" data-id=\"6c3feff\" data-element_type=\"container\">\n\t\t\t\t<div class=\"elementor-element elementor-element-d380b85 elementor-widget elementor-widget-image\" data-id=\"d380b85\" data-element_type=\"widget\" data-widget_type=\"image.default\">\n\t\t\t\t<div class=\"elementor-widget-container\">\n\t\t\t\t\t\t\t\t\t\t\t\t\t\t\t<img decoding=\"async\" width=\"666\" height=\"1000\" src=\"https:\/\/sarkozidesign.hu\/wp-content\/uploads\/2024\/12\/IMG_0050.jpg\" class=\"attachment-large size-large wp-image-461\" alt=\"Esk\u00fcv\u0151i arculat\" srcset=\"https:\/\/sarkozidesign.hu\/wp-content\/uploads\/2024\/12\/IMG_0050.jpg 666w, https:\/\/sarkozidesign.hu\/wp-content\/uploads\/2024\/12\/IMG_0050-200x300.jpg 200w\" sizes=\"(max-width: 666px) 100vw, 666px\" \/>\t\t\t\t\t\t\t\t\t\t\t\t\t\t\t<\/div>\n\t\t\t\t<\/div>\n\t\t\t\t<\/div>\n\t\t<div class=\"elementor-element elementor-element-7edaef7 e-con-full e-flex e-con e-child\" data-id=\"7edaef7\" data-element_type=\"container\">\n\t\t\t\t<div class=\"elementor-element elementor-element-5cafc00 elementor-widget elementor-widget-image\" data-id=\"5cafc00\" data-element_type=\"widget\" data-widget_type=\"image.default\">\n\t\t\t\t<div class=\"elementor-widget-container\">\n\t\t\t\t\t\t\t\t\t\t\t\t\t\t\t<img alt=\"\" decoding=\"async\" width=\"666\" height=\"1000\" src=\"https:\/\/sarkozidesign.hu\/wp-content\/uploads\/2024\/12\/IMG_0051.jpg\" class=\"attachment-large size-large wp-image-462\" srcset=\"https:\/\/sarkozidesign.hu\/wp-content\/uploads\/2024\/12\/IMG_0051.jpg 666w, https:\/\/sarkozidesign.hu\/wp-content\/uploads\/2024\/12\/IMG_0051-200x300.jpg 200w\" sizes=\"(max-width: 666px) 100vw, 666px\" \/>\t\t\t\t\t\t\t\t\t\t\t\t\t\t\t<\/div>\n\t\t\t\t<\/div>\n\t\t\t\t<\/div>\n\t\t\t\t<\/div>\n\t\t<div class=\"elementor-element elementor-element-23e40c8 e-con-full e-flex e-con e-parent\" data-id=\"23e40c8\" data-element_type=\"container\">\n\t\t\t\t<div class=\"elementor-element elementor-element-454ce1e elementor-widget elementor-widget-image\" data-id=\"454ce1e\" data-element_type=\"widget\" data-widget_type=\"image.default\">\n\t\t\t\t<div class=\"elementor-widget-container\">\n\t\t\t\t\t\t\t\t\t\t\t\t\t\t\t<img alt=\"\" loading=\"lazy\" decoding=\"async\" width=\"1024\" height=\"683\" src=\"https:\/\/sarkozidesign.hu\/wp-content\/uploads\/2024\/12\/IMG_0414-1024x683.jpg\" class=\"attachment-large size-large wp-image-463\" srcset=\"https:\/\/sarkozidesign.hu\/wp-content\/uploads\/2024\/12\/IMG_0414-1024x683.jpg 1024w, https:\/\/sarkozidesign.hu\/wp-content\/uploads\/2024\/12\/IMG_0414-300x200.jpg 300w, https:\/\/sarkozidesign.hu\/wp-content\/uploads\/2024\/12\/IMG_0414-768x512.jpg 768w, https:\/\/sarkozidesign.hu\/wp-content\/uploads\/2024\/12\/IMG_0414.jpg 1360w\" sizes=\"(max-width: 1024px) 100vw, 1024px\" \/>\t\t\t\t\t\t\t\t\t\t\t\t\t\t\t<\/div>\n\t\t\t\t<\/div>\n\t\t\t\t<\/div>\n\t\t<div class=\"elementor-element elementor-element-39626c6 e-con-full e-flex e-con e-parent\" data-id=\"39626c6\" data-element_type=\"container\">\n\t\t\t\t<div class=\"elementor-element elementor-element-515701a elementor-widget elementor-widget-image\" data-id=\"515701a\" data-element_type=\"widget\" data-widget_type=\"image.default\">\n\t\t\t\t<div class=\"elementor-widget-container\">\n\t\t\t\t\t\t\t\t\t\t\t\t\t\t\t<img alt=\"\" loading=\"lazy\" decoding=\"async\" width=\"1024\" height=\"683\" src=\"https:\/\/sarkozidesign.hu\/wp-content\/uploads\/2024\/12\/IMG_0416-1024x683.jpg\" class=\"attachment-large size-large wp-image-464\" srcset=\"https:\/\/sarkozidesign.hu\/wp-content\/uploads\/2024\/12\/IMG_0416-1024x683.jpg 1024w, https:\/\/sarkozidesign.hu\/wp-content\/uploads\/2024\/12\/IMG_0416-300x200.jpg 300w, https:\/\/sarkozidesign.hu\/wp-content\/uploads\/2024\/12\/IMG_0416-768x512.jpg 768w, https:\/\/sarkozidesign.hu\/wp-content\/uploads\/2024\/12\/IMG_0416.jpg 1360w\" sizes=\"(max-width: 1024px) 100vw, 1024px\" \/>\t\t\t\t\t\t\t\t\t\t\t\t\t\t\t<\/div>\n\t\t\t\t<\/div>\n\t\t\t\t<\/div>\n\t\t<div class=\"elementor-element elementor-element-8b9e8a6 e-con-full e-flex e-con e-parent\" data-id=\"8b9e8a6\" data-element_type=\"container\">\n\t\t\t\t<div class=\"elementor-element elementor-element-deb4cb2 elementor-widget__width-inherit elementor-widget elementor-widget-heading\" data-id=\"deb4cb2\" data-element_type=\"widget\" data-widget_type=\"heading.default\">\n\t\t\t\t<div class=\"elementor-widget-container\">\n\t\t\t\t\t<h2 class=\"elementor-heading-title elementor-size-default\">Exhibition<\/h2>\t\t\t\t<\/div>\n\t\t\t\t<\/div>\n\t\t\t\t<div class=\"elementor-element elementor-element-e4e8e1f elementor-widget elementor-widget-text-editor\" data-id=\"e4e8e1f\" data-element_type=\"widget\" data-widget_type=\"text-editor.default\">\n\t\t\t\t<div class=\"elementor-widget-container\">\n\t\t\t\t\t\t\t\t\t<p>Unique ex libris and poster for the Helsinki Liszt Institute for its ex libris exhibition. <br \/>The paprika shape and the dominant red colour refer to the Hungarian participant, while the blue colour to the Finnish partner. I used one of my favourite techniques, linocut, to create the ex libris.\u00a0<\/p>\t\t\t\t\t\t\t\t<\/div>\n\t\t\t\t<\/div>\n\t\t\t\t<\/div>\n\t\t<div class=\"elementor-element elementor-element-ba37981 e-con-full e-flex e-con e-parent\" data-id=\"ba37981\" data-element_type=\"container\">\n\t\t\t\t<div class=\"elementor-element elementor-element-3565ee8 elementor-widget elementor-widget-image\" data-id=\"3565ee8\" data-element_type=\"widget\" data-widget_type=\"image.default\">\n\t\t\t\t<div class=\"elementor-widget-container\">\n\t\t\t\t\t\t\t\t\t\t\t\t\t\t\t<img loading=\"lazy\" decoding=\"async\" width=\"1024\" height=\"1024\" src=\"https:\/\/sarkozidesign.hu\/wp-content\/uploads\/2024\/12\/plakatinstafeed-1024x1024.jpg\" class=\"attachment-large size-large wp-image-458\" alt=\"Ki\u00e1ll\u00edt\u00e1s plak\u00e1t\" srcset=\"https:\/\/sarkozidesign.hu\/wp-content\/uploads\/2024\/12\/plakatinstafeed-1024x1024.jpg 1024w, https:\/\/sarkozidesign.hu\/wp-content\/uploads\/2024\/12\/plakatinstafeed-300x300.jpg 300w, https:\/\/sarkozidesign.hu\/wp-content\/uploads\/2024\/12\/plakatinstafeed-150x150.jpg 150w, https:\/\/sarkozidesign.hu\/wp-content\/uploads\/2024\/12\/plakatinstafeed-768x768.jpg 768w, https:\/\/sarkozidesign.hu\/wp-content\/uploads\/2024\/12\/plakatinstafeed-1536x1536.jpg 1536w, https:\/\/sarkozidesign.hu\/wp-content\/uploads\/2024\/12\/plakatinstafeed-2048x2048.jpg 2048w\" sizes=\"(max-width: 1024px) 100vw, 1024px\" \/>\t\t\t\t\t\t\t\t\t\t\t\t\t\t\t<\/div>\n\t\t\t\t<\/div>\n\t\t\t\t<\/div>\n\t\t<div class=\"elementor-element elementor-element-e9bb1c3 e-con-full e-flex e-con e-parent\" data-id=\"e9bb1c3\" data-element_type=\"container\">\n\t\t<div class=\"elementor-element elementor-element-81c83a1 e-con-full e-flex e-con e-child\" data-id=\"81c83a1\" data-element_type=\"container\">\n\t\t\t\t<div class=\"elementor-element elementor-element-1ac62c0 elementor-widget elementor-widget-image\" data-id=\"1ac62c0\" data-element_type=\"widget\" data-widget_type=\"image.default\">\n\t\t\t\t<div class=\"elementor-widget-container\">\n\t\t\t\t\t\t\t\t\t\t\t\t\t\t\t<img alt=\"\" loading=\"lazy\" decoding=\"async\" width=\"1000\" height=\"1000\" src=\"https:\/\/sarkozidesign.hu\/wp-content\/uploads\/2024\/12\/78a8f0157553951.637b7308941db.jpg\" class=\"attachment-large size-large wp-image-645\" srcset=\"https:\/\/sarkozidesign.hu\/wp-content\/uploads\/2024\/12\/78a8f0157553951.637b7308941db.jpg 1000w, https:\/\/sarkozidesign.hu\/wp-content\/uploads\/2024\/12\/78a8f0157553951.637b7308941db-300x300.jpg 300w, https:\/\/sarkozidesign.hu\/wp-content\/uploads\/2024\/12\/78a8f0157553951.637b7308941db-150x150.jpg 150w, https:\/\/sarkozidesign.hu\/wp-content\/uploads\/2024\/12\/78a8f0157553951.637b7308941db-768x768.jpg 768w\" sizes=\"(max-width: 1000px) 100vw, 1000px\" \/>\t\t\t\t\t\t\t\t\t\t\t\t\t\t\t<\/div>\n\t\t\t\t<\/div>\n\t\t\t\t<\/div>\n\t\t<div class=\"elementor-element elementor-element-b6b5ee6 e-con-full e-flex e-con e-child\" data-id=\"b6b5ee6\" data-element_type=\"container\">\n\t\t\t\t<div class=\"elementor-element elementor-element-cc58663 elementor-widget elementor-widget-image\" data-id=\"cc58663\" data-element_type=\"widget\" data-widget_type=\"image.default\">\n\t\t\t\t<div class=\"elementor-widget-container\">\n\t\t\t\t\t\t\t\t\t\t\t\t\t\t\t<img alt=\"\" loading=\"lazy\" decoding=\"async\" width=\"1024\" height=\"768\" src=\"https:\/\/sarkozidesign.hu\/wp-content\/uploads\/2024\/12\/8950e9157553951.637b7308951e1-1024x768.jpg\" class=\"attachment-large size-large wp-image-646\" srcset=\"https:\/\/sarkozidesign.hu\/wp-content\/uploads\/2024\/12\/8950e9157553951.637b7308951e1-1024x768.jpg 1024w, https:\/\/sarkozidesign.hu\/wp-content\/uploads\/2024\/12\/8950e9157553951.637b7308951e1-300x225.jpg 300w, https:\/\/sarkozidesign.hu\/wp-content\/uploads\/2024\/12\/8950e9157553951.637b7308951e1-768x576.jpg 768w, https:\/\/sarkozidesign.hu\/wp-content\/uploads\/2024\/12\/8950e9157553951.637b7308951e1.jpg 1400w\" sizes=\"(max-width: 1024px) 100vw, 1024px\" \/>\t\t\t\t\t\t\t\t\t\t\t\t\t\t\t<\/div>\n\t\t\t\t<\/div>\n\t\t\t\t<\/div>\n\t\t\t\t<\/div>\n\t\t<div class=\"elementor-element elementor-element-2036a01 e-con-full e-flex e-con e-parent\" data-id=\"2036a01\" data-element_type=\"container\">\n\t\t\t\t<div class=\"elementor-element elementor-element-679ee96 elementor-widget__width-inherit elementor-widget elementor-widget-heading\" data-id=\"679ee96\" data-element_type=\"widget\" data-widget_type=\"heading.default\">\n\t\t\t\t<div class=\"elementor-widget-container\">\n\t\t\t\t\t<h2 class=\"elementor-heading-title elementor-size-default\">Posters for other events<\/h2>\t\t\t\t<\/div>\n\t\t\t\t<\/div>\n\t\t\t\t<\/div>\n\t\t<div class=\"elementor-element elementor-element-41b1824 e-con-full e-flex e-con e-parent\" data-id=\"41b1824\" data-element_type=\"container\">\n\t\t\t\t<div class=\"elementor-element elementor-element-2b0cff4 elementor-widget elementor-widget-image\" data-id=\"2b0cff4\" data-element_type=\"widget\" data-widget_type=\"image.default\">\n\t\t\t\t<div class=\"elementor-widget-container\">\n\t\t\t\t\t\t\t\t\t\t\t\t\t\t\t<img alt=\"\" loading=\"lazy\" decoding=\"async\" width=\"566\" height=\"1080\" src=\"https:\/\/sarkozidesign.hu\/wp-content\/uploads\/2024\/12\/V4meghivoPoszterravegleges.jpg\" class=\"attachment-medium_large size-medium_large wp-image-653\" srcset=\"https:\/\/sarkozidesign.hu\/wp-content\/uploads\/2024\/12\/V4meghivoPoszterravegleges.jpg 566w, https:\/\/sarkozidesign.hu\/wp-content\/uploads\/2024\/12\/V4meghivoPoszterravegleges-157x300.jpg 157w, https:\/\/sarkozidesign.hu\/wp-content\/uploads\/2024\/12\/V4meghivoPoszterravegleges-537x1024.jpg 537w\" sizes=\"(max-width: 566px) 100vw, 566px\" \/>\t\t\t\t\t\t\t\t\t\t\t\t\t\t\t<\/div>\n\t\t\t\t<\/div>\n\t\t\t\t<\/div>\n\t\t<div class=\"elementor-element elementor-element-9430f89 e-con-full e-flex e-con e-parent\" data-id=\"9430f89\" data-element_type=\"container\">\n\t\t\t\t<div class=\"elementor-element elementor-element-2035ac3 elementor-widget elementor-widget-image\" data-id=\"2035ac3\" data-element_type=\"widget\" data-widget_type=\"image.default\">\n\t\t\t\t<div class=\"elementor-widget-container\">\n\t\t\t\t\t\t\t\t\t\t\t\t\t\t\t<img alt=\"\" loading=\"lazy\" decoding=\"async\" width=\"768\" height=\"1086\" src=\"https:\/\/sarkozidesign.hu\/wp-content\/uploads\/2024\/12\/Tallyataideleiri2023-1-768x1086.jpg\" class=\"attachment-medium_large size-medium_large wp-image-718\" srcset=\"https:\/\/sarkozidesign.hu\/wp-content\/uploads\/2024\/12\/Tallyataideleiri2023-1-768x1086.jpg 768w, https:\/\/sarkozidesign.hu\/wp-content\/uploads\/2024\/12\/Tallyataideleiri2023-1-212x300.jpg 212w, https:\/\/sarkozidesign.hu\/wp-content\/uploads\/2024\/12\/Tallyataideleiri2023-1-724x1024.jpg 724w, https:\/\/sarkozidesign.hu\/wp-content\/uploads\/2024\/12\/Tallyataideleiri2023-1.jpg 919w\" sizes=\"(max-width: 768px) 100vw, 768px\" \/>\t\t\t\t\t\t\t\t\t\t\t\t\t\t\t<\/div>\n\t\t\t\t<\/div>\n\t\t\t\t<\/div>\n\t\t<div class=\"elementor-element elementor-element-17b2f86 e-con-full e-flex e-con e-parent\" data-id=\"17b2f86\" data-element_type=\"container\">\n\t\t\t\t<div class=\"elementor-element elementor-element-3f509c3 elementor-widget elementor-widget-image\" data-id=\"3f509c3\" data-element_type=\"widget\" data-widget_type=\"image.default\">\n\t\t\t\t<div class=\"elementor-widget-container\">\n\t\t\t\t\t\t\t\t\t\t\t\t\t\t\t<img alt=\"\" loading=\"lazy\" decoding=\"async\" width=\"768\" height=\"768\" src=\"https:\/\/sarkozidesign.hu\/wp-content\/uploads\/2024\/12\/uros-plakat-vegleges-768x768.jpg\" class=\"attachment-medium_large size-medium_large wp-image-650\" srcset=\"https:\/\/sarkozidesign.hu\/wp-content\/uploads\/2024\/12\/uros-plakat-vegleges-768x768.jpg 768w, https:\/\/sarkozidesign.hu\/wp-content\/uploads\/2024\/12\/uros-plakat-vegleges-300x300.jpg 300w, https:\/\/sarkozidesign.hu\/wp-content\/uploads\/2024\/12\/uros-plakat-vegleges-150x150.jpg 150w, https:\/\/sarkozidesign.hu\/wp-content\/uploads\/2024\/12\/uros-plakat-vegleges.jpg 1000w\" sizes=\"(max-width: 768px) 100vw, 768px\" \/>\t\t\t\t\t\t\t\t\t\t\t\t\t\t\t<\/div>\n\t\t\t\t<\/div>\n\t\t\t\t<\/div>\n\t\t\t\t<\/div>","protected":false},"excerpt":{"rendered":"<p>Esk\u00fcv\u0151 Esk\u00fcv\u0151i arculat egy vid\u00e1m hangulat\u00fa, horg\u00e1szat bolond p\u00e1r sz\u00e1m\u00e1ra.\u00a0 Ki\u00e1ll\u00edt\u00e1s Saj\u00e1t egyedi ex libris, valamint plak\u00e1t tervez\u00e9se a Helsinki Liszt Int\u00e9zet sz\u00e1m\u00e1ra annak ex libris t\u00e9m\u00e1j\u00fa ki\u00e1ll\u00edt\u00e1s\u00e1hoz. A paprika forma \u00e9s a domin\u00e1ns piros sz\u00edn a magyar r\u00e9sztvev\u0151re, m\u00edg a k\u00e9k a finn partnerre. Az ex libris elk\u00e9sz\u00edt\u00e9s\u00e9hez egyik kedvenc technik\u00e1mat, a lin\u00f3metsz\u00e9st haszn\u00e1ltam.\u00a0&#8230;<\/p>","protected":false},"author":1,"featured_media":458,"parent":0,"menu_order":0,"comment_status":"closed","ping_status":"closed","template":"","meta":{"_seopress_robots_primary_cat":"","_seopress_titles_title":"Plak\u00e1tok, megh\u00edv\u00f3k, miegym\u00e1s","_seopress_titles_desc":"Illusztr\u00e1ci\u00f3k minden esem\u00e9nyhez","_seopress_robots_index":"","_kadence_starter_templates_imported_post":false,"_kad_post_transparent":"","_kad_post_title":"hide","_kad_post_layout":"fullwidth","_kad_post_sidebar_id":"","_kad_post_content_style":"unboxed","_kad_post_vertical_padding":"hide","_kad_post_feature":"hide","_kad_post_feature_position":"","_kad_post_header":false,"_kad_post_footer":false,"footnotes":""},"class_list":["post-406","page","type-page","status-publish","has-post-thumbnail","hentry"],"_links":{"self":[{"href":"https:\/\/sarkozidesign.hu\/en\/wp-json\/wp\/v2\/pages\/406","targetHints":{"allow":["GET"]}}],"collection":[{"href":"https:\/\/sarkozidesign.hu\/en\/wp-json\/wp\/v2\/pages"}],"about":[{"href":"https:\/\/sarkozidesign.hu\/en\/wp-json\/wp\/v2\/types\/page"}],"author":[{"embeddable":true,"href":"https:\/\/sarkozidesign.hu\/en\/wp-json\/wp\/v2\/users\/1"}],"replies":[{"embeddable":true,"href":"https:\/\/sarkozidesign.hu\/en\/wp-json\/wp\/v2\/comments?post=406"}],"version-history":[{"count":0,"href":"https:\/\/sarkozidesign.hu\/en\/wp-json\/wp\/v2\/pages\/406\/revisions"}],"wp:featuredmedia":[{"embeddable":true,"href":"https:\/\/sarkozidesign.hu\/en\/wp-json\/wp\/v2\/media\/458"}],"wp:attachment":[{"href":"https:\/\/sarkozidesign.hu\/en\/wp-json\/wp\/v2\/media?parent=406"}],"curies":[{"name":"wp","href":"https:\/\/api.w.org\/{rel}","templated":true}]}}