{"id":408,"date":"2024-12-19T14:18:33","date_gmt":"2024-12-19T14:18:33","guid":{"rendered":"https:\/\/sarkozidesign.hu\/?page_id=408"},"modified":"2024-12-31T18:22:17","modified_gmt":"2024-12-31T18:22:17","slug":"karakterek","status":"publish","type":"page","link":"https:\/\/sarkozidesign.hu\/en\/karakterek\/","title":{"rendered":"Characters"},"content":{"rendered":"<div data-elementor-type=\"wp-page\" data-elementor-id=\"408\" class=\"elementor elementor-408\">\n\t\t\t\t<div class=\"elementor-element elementor-element-481dc5d e-con-full e-flex e-con e-parent\" data-id=\"481dc5d\" data-element_type=\"container\">\n\t\t\t\t<div class=\"elementor-element elementor-element-8c8f34c elementor-widget__width-inherit elementor-widget elementor-widget-heading\" data-id=\"8c8f34c\" data-element_type=\"widget\" data-widget_type=\"heading.default\">\n\t\t\t\t<div class=\"elementor-widget-container\">\n\t\t\t\t\t<h2 class=\"elementor-heading-title elementor-size-default\">Characters<\/h2>\t\t\t\t<\/div>\n\t\t\t\t<\/div>\n\t\t\t\t<\/div>\n\t\t<div class=\"elementor-element elementor-element-c9a3a2f e-con-full e-flex e-con e-parent\" data-id=\"c9a3a2f\" data-element_type=\"container\">\n\t\t\t\t<div class=\"elementor-element elementor-element-955ce0c elementor-widget elementor-widget-image\" data-id=\"955ce0c\" data-element_type=\"widget\" data-widget_type=\"image.default\">\n\t\t\t\t<div class=\"elementor-widget-container\">\n\t\t\t\t\t\t\t\t\t\t\t\t\t\t\t<img alt=\"\" fetchpriority=\"high\" decoding=\"async\" width=\"768\" height=\"768\" src=\"https:\/\/sarkozidesign.hu\/wp-content\/uploads\/2024\/12\/Untitled_Artwork-768x768.jpg\" class=\"attachment-medium_large size-medium_large wp-image-434\" srcset=\"https:\/\/sarkozidesign.hu\/wp-content\/uploads\/2024\/12\/Untitled_Artwork-768x768.jpg 768w, https:\/\/sarkozidesign.hu\/wp-content\/uploads\/2024\/12\/Untitled_Artwork-300x300.jpg 300w, https:\/\/sarkozidesign.hu\/wp-content\/uploads\/2024\/12\/Untitled_Artwork-150x150.jpg 150w, https:\/\/sarkozidesign.hu\/wp-content\/uploads\/2024\/12\/Untitled_Artwork.jpg 1000w\" sizes=\"(max-width: 768px) 100vw, 768px\" \/>\t\t\t\t\t\t\t\t\t\t\t\t\t\t\t<\/div>\n\t\t\t\t<\/div>\n\t\t\t\t<\/div>\n\t\t<div class=\"elementor-element elementor-element-4f06a75 e-con-full e-flex e-con e-parent\" data-id=\"4f06a75\" data-element_type=\"container\">\n\t\t\t\t<div class=\"elementor-element elementor-element-f8536ee elementor-widget elementor-widget-image\" data-id=\"f8536ee\" data-element_type=\"widget\" data-widget_type=\"image.default\">\n\t\t\t\t<div class=\"elementor-widget-container\">\n\t\t\t\t\t\t\t\t\t\t\t\t\t\t\t<img alt=\"\" decoding=\"async\" width=\"1000\" height=\"1000\" src=\"https:\/\/sarkozidesign.hu\/wp-content\/uploads\/2024\/12\/Busz.gif\" class=\"attachment-full size-full wp-image-575\" \/>\t\t\t\t\t\t\t\t\t\t\t\t\t\t\t<\/div>\n\t\t\t\t<\/div>\n\t\t\t\t<\/div>\n\t\t<div class=\"elementor-element elementor-element-a86e15f e-con-full e-flex e-con e-parent\" data-id=\"a86e15f\" data-element_type=\"container\">\n\t\t\t\t<div class=\"elementor-element elementor-element-45a27ee elementor-widget elementor-widget-image\" data-id=\"45a27ee\" data-element_type=\"widget\" data-widget_type=\"image.default\">\n\t\t\t\t<div class=\"elementor-widget-container\">\n\t\t\t\t\t\t\t\t\t\t\t\t\t\t\t<img alt=\"\" decoding=\"async\" width=\"1008\" height=\"1008\" src=\"https:\/\/sarkozidesign.hu\/wp-content\/uploads\/2024\/12\/Labdacsavo.gif\" class=\"attachment-full size-full wp-image-571\" \/>\t\t\t\t\t\t\t\t\t\t\t\t\t\t\t<\/div>\n\t\t\t\t<\/div>\n\t\t\t\t<\/div>\n\t\t<div class=\"elementor-element elementor-element-0f1c013 e-con-full e-flex e-con e-parent\" data-id=\"0f1c013\" data-element_type=\"container\">\n\t\t\t\t<div class=\"elementor-element elementor-element-6fd5b2c elementor-widget elementor-widget-image\" data-id=\"6fd5b2c\" data-element_type=\"widget\" data-widget_type=\"image.default\">\n\t\t\t\t<div class=\"elementor-widget-container\">\n\t\t\t\t\t\t\t\t\t\t\t\t\t\t\t<img alt=\"\" loading=\"lazy\" decoding=\"async\" width=\"1024\" height=\"1024\" src=\"https:\/\/sarkozidesign.hu\/wp-content\/uploads\/2024\/12\/karantenos-fekvofb-1024x1024.jpg\" class=\"attachment-large size-large wp-image-540\" srcset=\"https:\/\/sarkozidesign.hu\/wp-content\/uploads\/2024\/12\/karantenos-fekvofb-1024x1024.jpg 1024w, https:\/\/sarkozidesign.hu\/wp-content\/uploads\/2024\/12\/karantenos-fekvofb-300x300.jpg 300w, https:\/\/sarkozidesign.hu\/wp-content\/uploads\/2024\/12\/karantenos-fekvofb-150x150.jpg 150w, https:\/\/sarkozidesign.hu\/wp-content\/uploads\/2024\/12\/karantenos-fekvofb-768x768.jpg 768w, https:\/\/sarkozidesign.hu\/wp-content\/uploads\/2024\/12\/karantenos-fekvofb.jpg 1500w\" sizes=\"(max-width: 1024px) 100vw, 1024px\" \/>\t\t\t\t\t\t\t\t\t\t\t\t\t\t\t<\/div>\n\t\t\t\t<\/div>\n\t\t\t\t<\/div>\n\t\t<div class=\"elementor-element elementor-element-8015073 e-con-full e-flex e-con e-parent\" data-id=\"8015073\" data-element_type=\"container\">\n\t\t\t\t<div class=\"elementor-element elementor-element-7f0f8c6 elementor-widget elementor-widget-image\" data-id=\"7f0f8c6\" data-element_type=\"widget\" data-widget_type=\"image.default\">\n\t\t\t\t<div class=\"elementor-widget-container\">\n\t\t\t\t\t\t\t\t\t\t\t\t\t\t\t<img alt=\"\" loading=\"lazy\" decoding=\"async\" width=\"768\" height=\"768\" src=\"https:\/\/sarkozidesign.hu\/wp-content\/uploads\/2024\/12\/ikioma-768x768.jpg\" class=\"attachment-medium_large size-medium_large wp-image-450\" srcset=\"https:\/\/sarkozidesign.hu\/wp-content\/uploads\/2024\/12\/ikioma-768x768.jpg 768w, https:\/\/sarkozidesign.hu\/wp-content\/uploads\/2024\/12\/ikioma-300x300.jpg 300w, https:\/\/sarkozidesign.hu\/wp-content\/uploads\/2024\/12\/ikioma-1024x1024.jpg 1024w, https:\/\/sarkozidesign.hu\/wp-content\/uploads\/2024\/12\/ikioma-150x150.jpg 150w, https:\/\/sarkozidesign.hu\/wp-content\/uploads\/2024\/12\/ikioma-1536x1536.jpg 1536w, https:\/\/sarkozidesign.hu\/wp-content\/uploads\/2024\/12\/ikioma.jpg 2000w\" sizes=\"(max-width: 768px) 100vw, 768px\" \/>\t\t\t\t\t\t\t\t\t\t\t\t\t\t\t<\/div>\n\t\t\t\t<\/div>\n\t\t\t\t<div class=\"elementor-element elementor-element-f5a48fe elementor-widget elementor-widget-image\" data-id=\"f5a48fe\" data-element_type=\"widget\" data-widget_type=\"image.default\">\n\t\t\t\t<div class=\"elementor-widget-container\">\n\t\t\t\t\t\t\t\t\t\t\t\t\t\t\t<img alt=\"\" loading=\"lazy\" decoding=\"async\" width=\"768\" height=\"768\" src=\"https:\/\/sarkozidesign.hu\/wp-content\/uploads\/2024\/12\/melos-768x768.jpg\" class=\"attachment-medium_large size-medium_large wp-image-471\" srcset=\"https:\/\/sarkozidesign.hu\/wp-content\/uploads\/2024\/12\/melos-768x768.jpg 768w, https:\/\/sarkozidesign.hu\/wp-content\/uploads\/2024\/12\/melos-300x300.jpg 300w, https:\/\/sarkozidesign.hu\/wp-content\/uploads\/2024\/12\/melos-150x150.jpg 150w, https:\/\/sarkozidesign.hu\/wp-content\/uploads\/2024\/12\/melos.jpg 1000w\" sizes=\"(max-width: 768px) 100vw, 768px\" \/>\t\t\t\t\t\t\t\t\t\t\t\t\t\t\t<\/div>\n\t\t\t\t<\/div>\n\t\t\t\t<div class=\"elementor-element elementor-element-c9b7cf1 elementor-widget elementor-widget-image\" data-id=\"c9b7cf1\" data-element_type=\"widget\" data-widget_type=\"image.default\">\n\t\t\t\t<div class=\"elementor-widget-container\">\n\t\t\t\t\t\t\t\t\t\t\t\t\t\t\t<img loading=\"lazy\" decoding=\"async\" width=\"768\" height=\"768\" src=\"https:\/\/sarkozidesign.hu\/wp-content\/uploads\/2024\/12\/csaj-768x768.jpg\" class=\"attachment-medium_large size-medium_large wp-image-472\" alt=\"Karakter design\" srcset=\"https:\/\/sarkozidesign.hu\/wp-content\/uploads\/2024\/12\/csaj-768x768.jpg 768w, https:\/\/sarkozidesign.hu\/wp-content\/uploads\/2024\/12\/csaj-300x300.jpg 300w, https:\/\/sarkozidesign.hu\/wp-content\/uploads\/2024\/12\/csaj-150x150.jpg 150w, https:\/\/sarkozidesign.hu\/wp-content\/uploads\/2024\/12\/csaj.jpg 1000w\" sizes=\"(max-width: 768px) 100vw, 768px\" \/>\t\t\t\t\t\t\t\t\t\t\t\t\t\t\t<\/div>\n\t\t\t\t<\/div>\n\t\t\t\t<div class=\"elementor-element elementor-element-016250b elementor-widget elementor-widget-image\" data-id=\"016250b\" data-element_type=\"widget\" data-widget_type=\"image.default\">\n\t\t\t\t<div class=\"elementor-widget-container\">\n\t\t\t\t\t\t\t\t\t\t\t\t\t\t\t<img alt=\"\" loading=\"lazy\" decoding=\"async\" width=\"768\" height=\"768\" src=\"https:\/\/sarkozidesign.hu\/wp-content\/uploads\/2024\/12\/wody-768x768.jpg\" class=\"attachment-medium_large size-medium_large wp-image-473\" srcset=\"https:\/\/sarkozidesign.hu\/wp-content\/uploads\/2024\/12\/wody-768x768.jpg 768w, https:\/\/sarkozidesign.hu\/wp-content\/uploads\/2024\/12\/wody-300x300.jpg 300w, https:\/\/sarkozidesign.hu\/wp-content\/uploads\/2024\/12\/wody-1024x1024.jpg 1024w, https:\/\/sarkozidesign.hu\/wp-content\/uploads\/2024\/12\/wody-150x150.jpg 150w, https:\/\/sarkozidesign.hu\/wp-content\/uploads\/2024\/12\/wody.jpg 1250w\" sizes=\"(max-width: 768px) 100vw, 768px\" \/>\t\t\t\t\t\t\t\t\t\t\t\t\t\t\t<\/div>\n\t\t\t\t<\/div>\n\t\t\t\t<\/div>\n\t\t\t\t<\/div>","protected":false},"excerpt":{"rendered":"<p>Characters<\/p>","protected":false},"author":1,"featured_media":472,"parent":0,"menu_order":0,"comment_status":"closed","ping_status":"closed","template":"","meta":{"_seopress_robots_primary_cat":"","_seopress_titles_title":"Karakterek","_seopress_titles_desc":"\u00d6n\u00e1ll\u00f3, egyedi karakterek","_seopress_robots_index":"","_kadence_starter_templates_imported_post":false,"_kad_post_transparent":"","_kad_post_title":"hide","_kad_post_layout":"fullwidth","_kad_post_sidebar_id":"","_kad_post_content_style":"unboxed","_kad_post_vertical_padding":"hide","_kad_post_feature":"hide","_kad_post_feature_position":"","_kad_post_header":false,"_kad_post_footer":false,"footnotes":""},"class_list":["post-408","page","type-page","status-publish","has-post-thumbnail","hentry"],"_links":{"self":[{"href":"https:\/\/sarkozidesign.hu\/en\/wp-json\/wp\/v2\/pages\/408","targetHints":{"allow":["GET"]}}],"collection":[{"href":"https:\/\/sarkozidesign.hu\/en\/wp-json\/wp\/v2\/pages"}],"about":[{"href":"https:\/\/sarkozidesign.hu\/en\/wp-json\/wp\/v2\/types\/page"}],"author":[{"embeddable":true,"href":"https:\/\/sarkozidesign.hu\/en\/wp-json\/wp\/v2\/users\/1"}],"replies":[{"embeddable":true,"href":"https:\/\/sarkozidesign.hu\/en\/wp-json\/wp\/v2\/comments?post=408"}],"version-history":[{"count":0,"href":"https:\/\/sarkozidesign.hu\/en\/wp-json\/wp\/v2\/pages\/408\/revisions"}],"wp:featuredmedia":[{"embeddable":true,"href":"https:\/\/sarkozidesign.hu\/en\/wp-json\/wp\/v2\/media\/472"}],"wp:attachment":[{"href":"https:\/\/sarkozidesign.hu\/en\/wp-json\/wp\/v2\/media?parent=408"}],"curies":[{"name":"wp","href":"https:\/\/api.w.org\/{rel}","templated":true}]}}