{"id":410,"date":"2024-12-19T14:18:56","date_gmt":"2024-12-19T14:18:56","guid":{"rendered":"https:\/\/sarkozidesign.hu\/?page_id=410"},"modified":"2024-12-31T18:23:53","modified_gmt":"2024-12-31T18:23:53","slug":"termeszet","status":"publish","type":"page","link":"https:\/\/sarkozidesign.hu\/en\/termeszet\/","title":{"rendered":"Nature"},"content":{"rendered":"<div data-elementor-type=\"wp-page\" data-elementor-id=\"410\" class=\"elementor elementor-410\">\n\t\t\t\t<div class=\"elementor-element elementor-element-5923cc6 e-con-full e-flex e-con e-parent\" data-id=\"5923cc6\" data-element_type=\"container\">\n\t\t\t\t<div class=\"elementor-element elementor-element-473a7a8 elementor-widget__width-inherit elementor-widget elementor-widget-heading\" data-id=\"473a7a8\" data-element_type=\"widget\" data-widget_type=\"heading.default\">\n\t\t\t\t<div class=\"elementor-widget-container\">\n\t\t\t\t\t<h2 class=\"elementor-heading-title elementor-size-default\"><a href=\"https:\/\/sarkozidesign.hu\/en\/az-elet-soja\/\">Nature<\/a><\/h2>\t\t\t\t<\/div>\n\t\t\t\t<\/div>\n\t\t\t\t<\/div>\n\t\t<div class=\"elementor-element elementor-element-b2330ed e-con-full e-flex e-con e-parent\" data-id=\"b2330ed\" data-element_type=\"container\">\n\t\t\t\t<div class=\"elementor-element elementor-element-9c5fc03 elementor-widget elementor-widget-image\" data-id=\"9c5fc03\" data-element_type=\"widget\" data-widget_type=\"image.default\">\n\t\t\t\t<div class=\"elementor-widget-container\">\n\t\t\t\t\t\t\t\t\t\t\t\t\t\t\t<img alt=\"\" fetchpriority=\"high\" decoding=\"async\" width=\"1024\" height=\"736\" src=\"https:\/\/sarkozidesign.hu\/wp-content\/uploads\/2024\/12\/Tusko_filc-1024x736.jpg\" class=\"attachment-large size-large wp-image-65\" srcset=\"https:\/\/sarkozidesign.hu\/wp-content\/uploads\/2024\/12\/Tusko_filc-1024x736.jpg 1024w, https:\/\/sarkozidesign.hu\/wp-content\/uploads\/2024\/12\/Tusko_filc-300x216.jpg 300w, https:\/\/sarkozidesign.hu\/wp-content\/uploads\/2024\/12\/Tusko_filc-768x552.jpg 768w, https:\/\/sarkozidesign.hu\/wp-content\/uploads\/2024\/12\/Tusko_filc.jpg 1392w\" sizes=\"(max-width: 1024px) 100vw, 1024px\" \/>\t\t\t\t\t\t\t\t\t\t\t\t\t\t\t<\/div>\n\t\t\t\t<\/div>\n\t\t\t\t<\/div>\n\t\t<div class=\"elementor-element elementor-element-59e8b68 e-con-full e-flex e-con e-parent\" data-id=\"59e8b68\" data-element_type=\"container\">\n\t\t\t\t<div class=\"elementor-element elementor-element-05a5e2a elementor-widget elementor-widget-image\" data-id=\"05a5e2a\" data-element_type=\"widget\" data-widget_type=\"image.default\">\n\t\t\t\t<div class=\"elementor-widget-container\">\n\t\t\t\t\t\t\t\t\t\t\t\t\t\t\t<img alt=\"\" decoding=\"async\" width=\"768\" height=\"929\" src=\"https:\/\/sarkozidesign.hu\/wp-content\/uploads\/2024\/12\/Kovacs-Sarkozi_Helga_2122_portfolio3-768x929.jpg\" class=\"attachment-medium_large size-medium_large wp-image-536\" srcset=\"https:\/\/sarkozidesign.hu\/wp-content\/uploads\/2024\/12\/Kovacs-Sarkozi_Helga_2122_portfolio3-768x929.jpg 768w, https:\/\/sarkozidesign.hu\/wp-content\/uploads\/2024\/12\/Kovacs-Sarkozi_Helga_2122_portfolio3-248x300.jpg 248w, https:\/\/sarkozidesign.hu\/wp-content\/uploads\/2024\/12\/Kovacs-Sarkozi_Helga_2122_portfolio3-847x1024.jpg 847w, https:\/\/sarkozidesign.hu\/wp-content\/uploads\/2024\/12\/Kovacs-Sarkozi_Helga_2122_portfolio3-1270x1536.jpg 1270w, https:\/\/sarkozidesign.hu\/wp-content\/uploads\/2024\/12\/Kovacs-Sarkozi_Helga_2122_portfolio3-1693x2048.jpg 1693w, https:\/\/sarkozidesign.hu\/wp-content\/uploads\/2024\/12\/Kovacs-Sarkozi_Helga_2122_portfolio3.jpg 1860w\" sizes=\"(max-width: 768px) 100vw, 768px\" \/>\t\t\t\t\t\t\t\t\t\t\t\t\t\t\t<\/div>\n\t\t\t\t<\/div>\n\t\t\t\t<\/div>\n\t\t<div class=\"elementor-element elementor-element-0ea6145 e-con-full e-flex e-con e-parent\" data-id=\"0ea6145\" data-element_type=\"container\">\n\t\t\t\t<div class=\"elementor-element elementor-element-c244f90 elementor-widget elementor-widget-image\" data-id=\"c244f90\" data-element_type=\"widget\" data-widget_type=\"image.default\">\n\t\t\t\t<div class=\"elementor-widget-container\">\n\t\t\t\t\t\t\t\t\t\t\t\t\t\t\t<img alt=\"\" decoding=\"async\" width=\"768\" height=\"768\" src=\"https:\/\/sarkozidesign.hu\/wp-content\/uploads\/2024\/12\/Kovacs-Sarkozi_Helga_2122_Gyujtestermeszet1-768x768.jpg\" class=\"attachment-medium_large size-medium_large wp-image-451\" srcset=\"https:\/\/sarkozidesign.hu\/wp-content\/uploads\/2024\/12\/Kovacs-Sarkozi_Helga_2122_Gyujtestermeszet1-768x768.jpg 768w, https:\/\/sarkozidesign.hu\/wp-content\/uploads\/2024\/12\/Kovacs-Sarkozi_Helga_2122_Gyujtestermeszet1-300x300.jpg 300w, https:\/\/sarkozidesign.hu\/wp-content\/uploads\/2024\/12\/Kovacs-Sarkozi_Helga_2122_Gyujtestermeszet1-1024x1024.jpg 1024w, https:\/\/sarkozidesign.hu\/wp-content\/uploads\/2024\/12\/Kovacs-Sarkozi_Helga_2122_Gyujtestermeszet1-150x150.jpg 150w, https:\/\/sarkozidesign.hu\/wp-content\/uploads\/2024\/12\/Kovacs-Sarkozi_Helga_2122_Gyujtestermeszet1-1536x1536.jpg 1536w, https:\/\/sarkozidesign.hu\/wp-content\/uploads\/2024\/12\/Kovacs-Sarkozi_Helga_2122_Gyujtestermeszet1.jpg 2000w\" sizes=\"(max-width: 768px) 100vw, 768px\" \/>\t\t\t\t\t\t\t\t\t\t\t\t\t\t\t<\/div>\n\t\t\t\t<\/div>\n\t\t\t\t<\/div>\n\t\t<div class=\"elementor-element elementor-element-6f97a6c e-flex e-con-boxed e-con e-parent\" data-id=\"6f97a6c\" data-element_type=\"container\">\n\t\t\t\t\t<div class=\"e-con-inner\">\n\t\t\t\t<div class=\"elementor-element elementor-element-38e37ea elementor-widget elementor-widget-image\" data-id=\"38e37ea\" data-element_type=\"widget\" data-widget_type=\"image.default\">\n\t\t\t\t<div class=\"elementor-widget-container\">\n\t\t\t\t\t\t\t\t\t\t\t\t\t\t\t<img alt=\"\" loading=\"lazy\" decoding=\"async\" width=\"1024\" height=\"1024\" src=\"https:\/\/sarkozidesign.hu\/wp-content\/uploads\/2024\/12\/Kovacs-Sarkozi_Helga_2122_gyujtestermeszet2-1024x1024.jpg\" class=\"attachment-large size-large wp-image-452\" srcset=\"https:\/\/sarkozidesign.hu\/wp-content\/uploads\/2024\/12\/Kovacs-Sarkozi_Helga_2122_gyujtestermeszet2-1024x1024.jpg 1024w, https:\/\/sarkozidesign.hu\/wp-content\/uploads\/2024\/12\/Kovacs-Sarkozi_Helga_2122_gyujtestermeszet2-300x300.jpg 300w, https:\/\/sarkozidesign.hu\/wp-content\/uploads\/2024\/12\/Kovacs-Sarkozi_Helga_2122_gyujtestermeszet2-150x150.jpg 150w, https:\/\/sarkozidesign.hu\/wp-content\/uploads\/2024\/12\/Kovacs-Sarkozi_Helga_2122_gyujtestermeszet2-768x768.jpg 768w, https:\/\/sarkozidesign.hu\/wp-content\/uploads\/2024\/12\/Kovacs-Sarkozi_Helga_2122_gyujtestermeszet2-1536x1536.jpg 1536w, https:\/\/sarkozidesign.hu\/wp-content\/uploads\/2024\/12\/Kovacs-Sarkozi_Helga_2122_gyujtestermeszet2.jpg 2000w\" sizes=\"(max-width: 1024px) 100vw, 1024px\" \/>\t\t\t\t\t\t\t\t\t\t\t\t\t\t\t<\/div>\n\t\t\t\t<\/div>\n\t\t\t\t\t<\/div>\n\t\t\t\t<\/div>\n\t\t<div class=\"elementor-element elementor-element-d353c4c e-con-full e-flex e-con e-parent\" data-id=\"d353c4c\" data-element_type=\"container\">\n\t\t\t\t<div class=\"elementor-element elementor-element-279f034 elementor-widget elementor-widget-image\" data-id=\"279f034\" data-element_type=\"widget\" data-widget_type=\"image.default\">\n\t\t\t\t<div class=\"elementor-widget-container\">\n\t\t\t\t\t\t\t\t\t\t\t\t\t\t\t<img alt=\"\" loading=\"lazy\" decoding=\"async\" width=\"1024\" height=\"715\" src=\"https:\/\/sarkozidesign.hu\/wp-content\/uploads\/2024\/12\/lekhorgasz-1024x715.jpg\" class=\"attachment-large size-large wp-image-440\" srcset=\"https:\/\/sarkozidesign.hu\/wp-content\/uploads\/2024\/12\/lekhorgasz-1024x715.jpg 1024w, https:\/\/sarkozidesign.hu\/wp-content\/uploads\/2024\/12\/lekhorgasz-300x209.jpg 300w, https:\/\/sarkozidesign.hu\/wp-content\/uploads\/2024\/12\/lekhorgasz-768x536.jpg 768w, https:\/\/sarkozidesign.hu\/wp-content\/uploads\/2024\/12\/lekhorgasz-1536x1072.jpg 1536w, https:\/\/sarkozidesign.hu\/wp-content\/uploads\/2024\/12\/lekhorgasz-2048x1430.jpg 2048w\" sizes=\"(max-width: 1024px) 100vw, 1024px\" \/>\t\t\t\t\t\t\t\t\t\t\t\t\t\t\t<\/div>\n\t\t\t\t<\/div>\n\t\t\t\t<\/div>\n\t\t<div class=\"elementor-element elementor-element-518f4ee e-con-full e-flex e-con e-parent\" data-id=\"518f4ee\" data-element_type=\"container\">\n\t\t<div class=\"elementor-element elementor-element-a85c935 e-con-full e-flex e-con e-child\" data-id=\"a85c935\" data-element_type=\"container\">\n\t\t\t\t<div class=\"elementor-element elementor-element-59b628e elementor-widget elementor-widget-image\" data-id=\"59b628e\" data-element_type=\"widget\" data-widget_type=\"image.default\">\n\t\t\t\t<div class=\"elementor-widget-container\">\n\t\t\t\t\t\t\t\t\t\t\t\t\t\t\t<img alt=\"\" loading=\"lazy\" decoding=\"async\" width=\"1000\" height=\"1000\" src=\"https:\/\/sarkozidesign.hu\/wp-content\/uploads\/2024\/12\/kaktusz2.jpg\" class=\"attachment-large size-large wp-image-467\" srcset=\"https:\/\/sarkozidesign.hu\/wp-content\/uploads\/2024\/12\/kaktusz2.jpg 1000w, https:\/\/sarkozidesign.hu\/wp-content\/uploads\/2024\/12\/kaktusz2-300x300.jpg 300w, https:\/\/sarkozidesign.hu\/wp-content\/uploads\/2024\/12\/kaktusz2-150x150.jpg 150w, https:\/\/sarkozidesign.hu\/wp-content\/uploads\/2024\/12\/kaktusz2-768x768.jpg 768w, https:\/\/sarkozidesign.hu\/wp-content\/uploads\/2024\/12\/elementor\/thumbs\/kaktusz2-qys005tz02m9i2tl88uzpcsfiq5jq3n7tha887jnro.jpg 450w, https:\/\/sarkozidesign.hu\/wp-content\/uploads\/2024\/12\/elementor\/thumbs\/kaktusz2-qys005u2nmzkc3asgzgi1lbimqsfpdadgv1qoezbv0.jpg 750w\" sizes=\"(max-width: 1000px) 100vw, 1000px\" \/>\t\t\t\t\t\t\t\t\t\t\t\t\t\t\t<\/div>\n\t\t\t\t<\/div>\n\t\t\t\t<\/div>\n\t\t<div class=\"elementor-element elementor-element-c8f149d e-con-full e-flex e-con e-child\" data-id=\"c8f149d\" data-element_type=\"container\">\n\t\t\t\t<div class=\"elementor-element elementor-element-995206e elementor-widget elementor-widget-image\" data-id=\"995206e\" data-element_type=\"widget\" data-widget_type=\"image.default\">\n\t\t\t\t<div class=\"elementor-widget-container\">\n\t\t\t\t\t\t\t\t\t\t\t\t\t\t\t<img alt=\"\" loading=\"lazy\" decoding=\"async\" width=\"730\" height=\"1000\" src=\"https:\/\/sarkozidesign.hu\/wp-content\/uploads\/2024\/12\/virag.jpg\" class=\"attachment-large size-large wp-image-468\" srcset=\"https:\/\/sarkozidesign.hu\/wp-content\/uploads\/2024\/12\/virag.jpg 730w, https:\/\/sarkozidesign.hu\/wp-content\/uploads\/2024\/12\/virag-219x300.jpg 219w\" sizes=\"(max-width: 730px) 100vw, 730px\" \/>\t\t\t\t\t\t\t\t\t\t\t\t\t\t\t<\/div>\n\t\t\t\t<\/div>\n\t\t\t\t<\/div>\n\t\t\t\t<\/div>\n\t\t\t\t<\/div>","protected":false},"excerpt":{"rendered":"<p>Nature<\/p>","protected":false},"author":1,"featured_media":395,"parent":0,"menu_order":0,"comment_status":"closed","ping_status":"closed","template":"","meta":{"_seopress_robots_primary_cat":"","_seopress_titles_title":"Term\u00e9szet","_seopress_titles_desc":"\u00c9p\u00edtett, vagy term\u00e9szetes k\u00f6rnyezet. Illusztr\u00e1ci\u00f3k a benn\u00fcnket k\u00f6r\u00fclvev\u0151 vil\u00e1gr\u00f3l.","_seopress_robots_index":"","_kadence_starter_templates_imported_post":false,"_kad_post_transparent":"","_kad_post_title":"hide","_kad_post_layout":"fullwidth","_kad_post_sidebar_id":"","_kad_post_content_style":"unboxed","_kad_post_vertical_padding":"hide","_kad_post_feature":"hide","_kad_post_feature_position":"","_kad_post_header":false,"_kad_post_footer":false,"footnotes":""},"class_list":["post-410","page","type-page","status-publish","has-post-thumbnail","hentry"],"_links":{"self":[{"href":"https:\/\/sarkozidesign.hu\/en\/wp-json\/wp\/v2\/pages\/410","targetHints":{"allow":["GET"]}}],"collection":[{"href":"https:\/\/sarkozidesign.hu\/en\/wp-json\/wp\/v2\/pages"}],"about":[{"href":"https:\/\/sarkozidesign.hu\/en\/wp-json\/wp\/v2\/types\/page"}],"author":[{"embeddable":true,"href":"https:\/\/sarkozidesign.hu\/en\/wp-json\/wp\/v2\/users\/1"}],"replies":[{"embeddable":true,"href":"https:\/\/sarkozidesign.hu\/en\/wp-json\/wp\/v2\/comments?post=410"}],"version-history":[{"count":0,"href":"https:\/\/sarkozidesign.hu\/en\/wp-json\/wp\/v2\/pages\/410\/revisions"}],"wp:featuredmedia":[{"embeddable":true,"href":"https:\/\/sarkozidesign.hu\/en\/wp-json\/wp\/v2\/media\/395"}],"wp:attachment":[{"href":"https:\/\/sarkozidesign.hu\/en\/wp-json\/wp\/v2\/media?parent=410"}],"curies":[{"name":"wp","href":"https:\/\/api.w.org\/{rel}","templated":true}]}}